{"id":13547,"date":"2016-12-28T09:29:39","date_gmt":"2016-12-28T08:29:39","guid":{"rendered":"https:\/\/adflow.agency\/product\/kopfstueck-fuer-kavo-68ld\/"},"modified":"2026-02-24T11:27:26","modified_gmt":"2026-02-24T10:27:26","slug":"kopfstueck-fuer-kavo-68ld","status":"publish","type":"product","link":"https:\/\/adflow.agency\/de\/product\/kopfstueck-fuer-kavo-68ld\/","title":{"rendered":"Kopfst\u00fcck f\u00fcr KaVo 68LD"},"content":{"rendered":"","protected":false},"excerpt":{"rendered":"<ul>\n<li>Kopfst\u00fcck bestehend aus Kopfgeh\u00e4use, Verschlusskappe, Kartusche und Zwischenwelle f\u00fcr KaVo 68LD Winkelst\u00fcck<\/li>\n<li>Alternative f\u00fcr KaVo REF. 0.540.2010<\/li>\n<li>Produkt wird als fertige Baugruppe geliefert<\/li>\n<li>Ohne CE-Zertifizierung<\/li>\n<li>Getestet von ADENSYS<\/li>\n<li>12 Monate Garantie<\/li>\n<\/ul>\n","protected":false},"featured_media":2316,"comment_status":"open","ping_status":"closed","template":"","meta":{"inline_featured_image":false,"_uag_custom_page_level_css":""},"product_brand":[],"product_cat":[1145],"product_tag":[811],"class_list":{"0":"post-13547","1":"product","2":"type-product","3":"status-publish","4":"has-post-thumbnail","6":"product_cat-kavo-bundel","7":"product_tag-kavo-68-2","9":"first","10":"instock","11":"taxable","12":"shipping-taxable","13":"product-type-simple"},"acf":[],"uagb_featured_image_src":{"full":["https:\/\/adflow.agency\/wp-content\/uploads\/2016\/12\/68LD-head-2-scaled.jpg",2796,2551,false],"thumbnail":["https:\/\/adflow.agency\/wp-content\/uploads\/2016\/12\/68LD-head-2-scaled.jpg",219,200,false],"medium":["https:\/\/adflow.agency\/wp-content\/uploads\/2016\/12\/68LD-head-2-scaled.jpg",329,300,false],"medium_large":["https:\/\/adflow.agency\/wp-content\/uploads\/2016\/12\/68LD-head-2-scaled.jpg",768,701,false],"large":["https:\/\/adflow.agency\/wp-content\/uploads\/2016\/12\/68LD-head-2-scaled.jpg",1315,1200,false],"1536x1536":["https:\/\/adflow.agency\/wp-content\/uploads\/2016\/12\/68LD-head-2-scaled.jpg",1536,1401,false],"2048x2048":["https:\/\/adflow.agency\/wp-content\/uploads\/2016\/12\/68LD-head-2-scaled.jpg",2048,1869,false],"woocommerce_thumbnail":["https:\/\/adflow.agency\/wp-content\/uploads\/2016\/12\/68LD-head-2-247x247.jpg",247,247,true],"woocommerce_single":["https:\/\/adflow.agency\/wp-content\/uploads\/2016\/12\/68LD-head-2-510x465.jpg",510,465,true],"woocommerce_gallery_thumbnail":["https:\/\/adflow.agency\/wp-content\/uploads\/2016\/12\/68LD-head-2-100x100.jpg",100,100,true]},"uagb_author_info":{"display_name":"aden_admin","author_link":"https:\/\/adflow.agency\/de\/author\/"},"uagb_comment_info":0,"uagb_excerpt":"Kopfst\u00fcck bestehend aus Kopfgeh\u00e4use, Verschlusskappe, Kartusche und Zwischenwelle f\u00fcr KaVo 68LD Winkelst\u00fcck Alternative f\u00fcr KaVo REF. 0.540.2010 Produkt wird als fertige Baugruppe geliefert Ohne CE-Zertifizierung Getestet von ADENSYS 12 Monate Garantie","_links":{"self":[{"href":"https:\/\/adflow.agency\/de\/wp-json\/wp\/v2\/product\/13547","targetHints":{"allow":["GET"]}}],"collection":[{"href":"https:\/\/adflow.agency\/de\/wp-json\/wp\/v2\/product"}],"about":[{"href":"https:\/\/adflow.agency\/de\/wp-json\/wp\/v2\/types\/product"}],"replies":[{"embeddable":true,"href":"https:\/\/adflow.agency\/de\/wp-json\/wp\/v2\/comments?post=13547"}],"wp:featuredmedia":[{"embeddable":true,"href":"https:\/\/adflow.agency\/de\/wp-json\/wp\/v2\/media\/2316"}],"wp:attachment":[{"href":"https:\/\/adflow.agency\/de\/wp-json\/wp\/v2\/media?parent=13547"}],"wp:term":[{"taxonomy":"product_brand","embeddable":true,"href":"https:\/\/adflow.agency\/de\/wp-json\/wp\/v2\/product_brand?post=13547"},{"taxonomy":"product_cat","embeddable":true,"href":"https:\/\/adflow.agency\/de\/wp-json\/wp\/v2\/product_cat?post=13547"},{"taxonomy":"product_tag","embeddable":true,"href":"https:\/\/adflow.agency\/de\/wp-json\/wp\/v2\/product_tag?post=13547"}],"curies":[{"name":"wp","href":"https:\/\/api.w.org\/{rel}","templated":true}]}}