{"id":13558,"date":"2016-11-28T13:03:05","date_gmt":"2016-11-28T12:03:05","guid":{"rendered":"https:\/\/adflow.agency\/product\/premium-rotor-turbine-fuer-kavo-e679-e680\/"},"modified":"2026-02-24T11:27:20","modified_gmt":"2026-02-24T10:27:20","slug":"premium-rotor-turbine-fuer-kavo-e679-e680","status":"publish","type":"product","link":"https:\/\/adflow.agency\/de\/product\/premium-rotor-turbine-fuer-kavo-e679-e680\/","title":{"rendered":"Premium Rotor\/Turbine f\u00fcr KaVo E679\/E680"},"content":{"rendered":"","protected":false},"excerpt":{"rendered":"<ul>\n<li>Kompletter Premium Rotor\/Turbine f\u00fcr KaVo E679\/E680 Turbinenhandst\u00fccke<\/li>\n<li>Hergestellt mit deutschen Hochpr\u00e4zisions-Schr\u00e4gkugellagern und radialen Keramiklagern<\/li>\n<li>Alternative f\u00fcr KaVo REF. 1.007.9313<\/li>\n<li>Produkt wird mit 2x O-Ringen und 2x Wellscheiben geliefert<\/li>\n<li>12 Monate Garantie<\/li>\n<li>Hergestellt in Deutschland<\/li>\n<\/ul>\n","protected":false},"featured_media":744,"comment_status":"closed","ping_status":"closed","template":"","meta":{"inline_featured_image":false,"_uag_custom_page_level_css":""},"product_brand":[],"product_cat":[1138,1243],"product_tag":[1186],"class_list":{"0":"post-13558","1":"product","2":"type-product","3":"status-publish","4":"has-post-thumbnail","6":"product_cat-angebot","7":"product_cat-kavo-turbinen","8":"product_tag-kavo-e679-e680","10":"first","11":"instock","12":"taxable","13":"shipping-taxable","14":"product-type-simple"},"acf":[],"uagb_featured_image_src":{"full":["https:\/\/adflow.agency\/wp-content\/uploads\/2016\/11\/Ca-K-E680.jpg",2520,1720,false],"thumbnail":["https:\/\/adflow.agency\/wp-content\/uploads\/2016\/11\/Ca-K-E680.jpg",250,171,false],"medium":["https:\/\/adflow.agency\/wp-content\/uploads\/2016\/11\/Ca-K-E680.jpg",440,300,false],"medium_large":["https:\/\/adflow.agency\/wp-content\/uploads\/2016\/11\/Ca-K-E680.jpg",768,524,false],"large":["https:\/\/adflow.agency\/wp-content\/uploads\/2016\/11\/Ca-K-E680.jpg",1758,1200,false],"1536x1536":["https:\/\/adflow.agency\/wp-content\/uploads\/2016\/11\/Ca-K-E680.jpg",1536,1048,false],"2048x2048":["https:\/\/adflow.agency\/wp-content\/uploads\/2016\/11\/Ca-K-E680.jpg",2048,1398,false],"woocommerce_thumbnail":["https:\/\/adflow.agency\/wp-content\/uploads\/2016\/11\/Ca-K-E680-247x247.jpg",247,247,true],"woocommerce_single":["https:\/\/adflow.agency\/wp-content\/uploads\/2016\/11\/Ca-K-E680.jpg",510,348,false],"woocommerce_gallery_thumbnail":["https:\/\/adflow.agency\/wp-content\/uploads\/2016\/11\/Ca-K-E680-100x100.jpg",100,100,true]},"uagb_author_info":{"display_name":"aden_admin","author_link":"https:\/\/adflow.agency\/de\/author\/"},"uagb_comment_info":0,"uagb_excerpt":"Kompletter Premium Rotor\/Turbine f\u00fcr KaVo E679\/E680 Turbinenhandst\u00fccke Hergestellt mit deutschen Hochpr\u00e4zisions-Schr\u00e4gkugellagern und radialen Keramiklagern Alternative f\u00fcr KaVo REF. 1.007.9313 Produkt wird mit 2x O-Ringen und 2x Wellscheiben geliefert 12 Monate Garantie Hergestellt in Deutschland","_links":{"self":[{"href":"https:\/\/adflow.agency\/de\/wp-json\/wp\/v2\/product\/13558","targetHints":{"allow":["GET"]}}],"collection":[{"href":"https:\/\/adflow.agency\/de\/wp-json\/wp\/v2\/product"}],"about":[{"href":"https:\/\/adflow.agency\/de\/wp-json\/wp\/v2\/types\/product"}],"replies":[{"embeddable":true,"href":"https:\/\/adflow.agency\/de\/wp-json\/wp\/v2\/comments?post=13558"}],"wp:featuredmedia":[{"embeddable":true,"href":"https:\/\/adflow.agency\/de\/wp-json\/wp\/v2\/media\/744"}],"wp:attachment":[{"href":"https:\/\/adflow.agency\/de\/wp-json\/wp\/v2\/media?parent=13558"}],"wp:term":[{"taxonomy":"product_brand","embeddable":true,"href":"https:\/\/adflow.agency\/de\/wp-json\/wp\/v2\/product_brand?post=13558"},{"taxonomy":"product_cat","embeddable":true,"href":"https:\/\/adflow.agency\/de\/wp-json\/wp\/v2\/product_cat?post=13558"},{"taxonomy":"product_tag","embeddable":true,"href":"https:\/\/adflow.agency\/de\/wp-json\/wp\/v2\/product_tag?post=13558"}],"curies":[{"name":"wp","href":"https:\/\/api.w.org\/{rel}","templated":true}]}}