{"id":13559,"date":"2016-11-28T13:03:05","date_gmt":"2016-11-28T12:03:05","guid":{"rendered":"https:\/\/adflow.agency\/product\/rotor-turbine-fuer-midwest-quiet-air-lever\/"},"modified":"2026-02-24T11:29:49","modified_gmt":"2026-02-24T10:29:49","slug":"rotor-turbine-fuer-midwest-quiet-air-lever","status":"publish","type":"product","link":"https:\/\/adflow.agency\/de\/product\/rotor-turbine-fuer-midwest-quiet-air-lever\/","title":{"rendered":"Rotor\/Turbine f\u00fcr Midwest Quiet Air Lever"},"content":{"rendered":"","protected":false},"excerpt":{"rendered":"<ul>\n<li>Kompletter Rotor\/Turbine f\u00fcr Midwest Quiet Air Lever Turbinenhandst\u00fcck<\/li>\n<li>Hergestellt mit japanischen Hochpr\u00e4zisions-Keramik-Schr\u00e4gkugellagern<\/li>\n<li>Alternative f\u00fcr Midwest REF. 484300<\/li>\n<li>Produkt wird mit 3x O-Ringen und 1x Wellscheibe geliefert<\/li>\n<li>12 Monate Garantie<\/li>\n<li>Hergestellt in Deutschland<\/li>\n<\/ul>\n","protected":false},"featured_media":360,"comment_status":"closed","ping_status":"closed","template":"","meta":{"inline_featured_image":false,"_uag_custom_page_level_css":""},"product_brand":[],"product_cat":[1138,1278],"product_tag":[1197],"class_list":{"0":"post-13559","1":"product","2":"type-product","3":"status-publish","4":"has-post-thumbnail","6":"product_cat-angebot","7":"product_cat-midwest-turbinen","8":"product_tag-midwest-quiet-air-lever","10":"first","11":"instock","12":"taxable","13":"shipping-taxable","14":"product-type-simple"},"acf":[],"uagb_featured_image_src":{"full":["https:\/\/adflow.agency\/wp-content\/uploads\/2016\/09\/Midwest-QA-Lever.jpg",2472,1806,false],"thumbnail":["https:\/\/adflow.agency\/wp-content\/uploads\/2016\/09\/Midwest-QA-Lever.jpg",250,183,false],"medium":["https:\/\/adflow.agency\/wp-content\/uploads\/2016\/09\/Midwest-QA-Lever.jpg",411,300,false],"medium_large":["https:\/\/adflow.agency\/wp-content\/uploads\/2016\/09\/Midwest-QA-Lever.jpg",768,561,false],"large":["https:\/\/adflow.agency\/wp-content\/uploads\/2016\/09\/Midwest-QA-Lever.jpg",1643,1200,false],"1536x1536":["https:\/\/adflow.agency\/wp-content\/uploads\/2016\/09\/Midwest-QA-Lever.jpg",1536,1122,false],"2048x2048":["https:\/\/adflow.agency\/wp-content\/uploads\/2016\/09\/Midwest-QA-Lever.jpg",2048,1496,false],"woocommerce_thumbnail":["https:\/\/adflow.agency\/wp-content\/uploads\/2016\/09\/Midwest-QA-Lever-247x247.jpg",247,247,true],"woocommerce_single":["https:\/\/adflow.agency\/wp-content\/uploads\/2016\/09\/Midwest-QA-Lever.jpg",510,373,false],"woocommerce_gallery_thumbnail":["https:\/\/adflow.agency\/wp-content\/uploads\/2016\/09\/Midwest-QA-Lever-100x100.jpg",100,100,true]},"uagb_author_info":{"display_name":"aden_admin","author_link":"https:\/\/adflow.agency\/de\/author\/"},"uagb_comment_info":0,"uagb_excerpt":"Kompletter Rotor\/Turbine f\u00fcr Midwest Quiet Air Lever Turbinenhandst\u00fcck Hergestellt mit japanischen Hochpr\u00e4zisions-Keramik-Schr\u00e4gkugellagern Alternative f\u00fcr Midwest REF. 484300 Produkt wird mit 3x O-Ringen und 1x Wellscheibe geliefert 12 Monate Garantie Hergestellt in Deutschland","_links":{"self":[{"href":"https:\/\/adflow.agency\/de\/wp-json\/wp\/v2\/product\/13559","targetHints":{"allow":["GET"]}}],"collection":[{"href":"https:\/\/adflow.agency\/de\/wp-json\/wp\/v2\/product"}],"about":[{"href":"https:\/\/adflow.agency\/de\/wp-json\/wp\/v2\/types\/product"}],"replies":[{"embeddable":true,"href":"https:\/\/adflow.agency\/de\/wp-json\/wp\/v2\/comments?post=13559"}],"wp:featuredmedia":[{"embeddable":true,"href":"https:\/\/adflow.agency\/de\/wp-json\/wp\/v2\/media\/360"}],"wp:attachment":[{"href":"https:\/\/adflow.agency\/de\/wp-json\/wp\/v2\/media?parent=13559"}],"wp:term":[{"taxonomy":"product_brand","embeddable":true,"href":"https:\/\/adflow.agency\/de\/wp-json\/wp\/v2\/product_brand?post=13559"},{"taxonomy":"product_cat","embeddable":true,"href":"https:\/\/adflow.agency\/de\/wp-json\/wp\/v2\/product_cat?post=13559"},{"taxonomy":"product_tag","embeddable":true,"href":"https:\/\/adflow.agency\/de\/wp-json\/wp\/v2\/product_tag?post=13559"}],"curies":[{"name":"wp","href":"https:\/\/api.w.org\/{rel}","templated":true}]}}