{"id":13560,"date":"2016-11-28T13:03:05","date_gmt":"2016-11-28T12:03:05","guid":{"rendered":"https:\/\/adflow.agency\/product\/rotor-turbine-fuer-kavo-636-646\/"},"modified":"2026-02-24T11:27:22","modified_gmt":"2026-02-24T10:27:22","slug":"rotor-turbine-fuer-kavo-636-646","status":"publish","type":"product","link":"https:\/\/adflow.agency\/de\/product\/rotor-turbine-fuer-kavo-636-646\/","title":{"rendered":"Rotor\/Turbine f\u00fcr KaVo 636\/646"},"content":{"rendered":"","protected":false},"excerpt":{"rendered":"<ul>\n<li>Kompletter Rotor\/Turbine f\u00fcr KaVo 636\/646 Turbinenhandst\u00fccke<\/li>\n<li>Hergestellt mit japanischen Hochpr\u00e4zisions-Keramik-Schr\u00e4gkugellagern<\/li>\n<li>Alternative f\u00fcr KaVo REF. 0.553.8911<\/li>\n<li>Produkt wird mit 2x O-Ringen geliefert<\/li>\n<li>12 Monate Garantie<\/li>\n<li>Hergestellt in Deutschland<\/li>\n<\/ul>\n","protected":false},"featured_media":754,"comment_status":"closed","ping_status":"closed","template":"","meta":{"inline_featured_image":false,"_uag_custom_page_level_css":""},"product_brand":[],"product_cat":[1138,1243],"product_tag":[1265],"class_list":{"0":"post-13560","1":"product","2":"type-product","3":"status-publish","4":"has-post-thumbnail","6":"product_cat-angebot","7":"product_cat-kavo-turbinen","8":"product_tag-kavo-636-646","10":"first","11":"instock","12":"taxable","13":"shipping-taxable","14":"product-type-simple"},"acf":[],"uagb_featured_image_src":{"full":["https:\/\/adflow.agency\/wp-content\/uploads\/2016\/11\/Ca-K636.jpg",2435,1671,false],"thumbnail":["https:\/\/adflow.agency\/wp-content\/uploads\/2016\/11\/Ca-K636.jpg",250,172,false],"medium":["https:\/\/adflow.agency\/wp-content\/uploads\/2016\/11\/Ca-K636.jpg",437,300,false],"medium_large":["https:\/\/adflow.agency\/wp-content\/uploads\/2016\/11\/Ca-K636.jpg",768,527,false],"large":["https:\/\/adflow.agency\/wp-content\/uploads\/2016\/11\/Ca-K636.jpg",1749,1200,false],"1536x1536":["https:\/\/adflow.agency\/wp-content\/uploads\/2016\/11\/Ca-K636.jpg",1536,1054,false],"2048x2048":["https:\/\/adflow.agency\/wp-content\/uploads\/2016\/11\/Ca-K636.jpg",2048,1405,false],"woocommerce_thumbnail":["https:\/\/adflow.agency\/wp-content\/uploads\/2016\/11\/Ca-K636-247x247.jpg",247,247,true],"woocommerce_single":["https:\/\/adflow.agency\/wp-content\/uploads\/2016\/11\/Ca-K636.jpg",510,350,false],"woocommerce_gallery_thumbnail":["https:\/\/adflow.agency\/wp-content\/uploads\/2016\/11\/Ca-K636-100x100.jpg",100,100,true]},"uagb_author_info":{"display_name":"aden_admin","author_link":"https:\/\/adflow.agency\/de\/author\/"},"uagb_comment_info":0,"uagb_excerpt":"Kompletter Rotor\/Turbine f\u00fcr KaVo 636\/646 Turbinenhandst\u00fccke Hergestellt mit japanischen Hochpr\u00e4zisions-Keramik-Schr\u00e4gkugellagern Alternative f\u00fcr KaVo REF. 0.553.8911 Produkt wird mit 2x O-Ringen geliefert 12 Monate Garantie Hergestellt in Deutschland","_links":{"self":[{"href":"https:\/\/adflow.agency\/de\/wp-json\/wp\/v2\/product\/13560","targetHints":{"allow":["GET"]}}],"collection":[{"href":"https:\/\/adflow.agency\/de\/wp-json\/wp\/v2\/product"}],"about":[{"href":"https:\/\/adflow.agency\/de\/wp-json\/wp\/v2\/types\/product"}],"replies":[{"embeddable":true,"href":"https:\/\/adflow.agency\/de\/wp-json\/wp\/v2\/comments?post=13560"}],"wp:featuredmedia":[{"embeddable":true,"href":"https:\/\/adflow.agency\/de\/wp-json\/wp\/v2\/media\/754"}],"wp:attachment":[{"href":"https:\/\/adflow.agency\/de\/wp-json\/wp\/v2\/media?parent=13560"}],"wp:term":[{"taxonomy":"product_brand","embeddable":true,"href":"https:\/\/adflow.agency\/de\/wp-json\/wp\/v2\/product_brand?post=13560"},{"taxonomy":"product_cat","embeddable":true,"href":"https:\/\/adflow.agency\/de\/wp-json\/wp\/v2\/product_cat?post=13560"},{"taxonomy":"product_tag","embeddable":true,"href":"https:\/\/adflow.agency\/de\/wp-json\/wp\/v2\/product_tag?post=13560"}],"curies":[{"name":"wp","href":"https:\/\/api.w.org\/{rel}","templated":true}]}}