{"id":13563,"date":"2016-11-28T13:03:05","date_gmt":"2016-11-28T12:03:05","guid":{"rendered":"https:\/\/adflow.agency\/product\/rotor-turbine-fuer-wh-ta-98-cled-tg-98-tk-98\/"},"modified":"2026-02-24T11:29:53","modified_gmt":"2026-02-24T10:29:53","slug":"rotor-turbine-fuer-wh-ta-98-cled-tg-98-tk-98","status":"publish","type":"product","link":"https:\/\/adflow.agency\/de\/product\/rotor-turbine-fuer-wh-ta-98-cled-tg-98-tk-98\/","title":{"rendered":"Rotor\/Turbine f\u00fcr WH TA-98 CLED\/TG-98\/TK-98"},"content":{"rendered":"","protected":false},"excerpt":{"rendered":"<ul>\n<li>Kompletter Rotor\/Turbine f\u00fcr WH Vision TK-98 \/ Synea TG-98 \/ Synea TA-98 CLED Turbinen-Handst\u00fccke<\/li>\n<li>Hergestellt mit japanischen Hochpr\u00e4zisions-Keramik-Schr\u00e4gkugellagern<\/li>\n<li>Alternative f\u00fcr WH REF. 05307000<\/li>\n<li>Produkt wird mit 2x O-Ringen und 2x Wellscheiben geliefert<\/li>\n<li>12 Monate Garantie<\/li>\n<li>Hergestellt in Deutschland<\/li>\n<\/ul>\n","protected":false},"featured_media":2372,"comment_status":"closed","ping_status":"closed","template":"","meta":{"inline_featured_image":false,"_uag_custom_page_level_css":""},"product_brand":[],"product_cat":[1138,1303],"product_tag":[1259,1260,1261],"class_list":{"0":"post-13563","1":"product","2":"type-product","3":"status-publish","4":"has-post-thumbnail","6":"product_cat-angebot","7":"product_cat-wh-turbinen","8":"product_tag-wh-ta-98-cled","9":"product_tag-wh-tg-98","10":"product_tag-wh-tk-98","12":"first","13":"instock","14":"taxable","15":"shipping-taxable","16":"product-type-simple"},"acf":[],"uagb_featured_image_src":{"full":["https:\/\/adflow.agency\/wp-content\/uploads\/2016\/12\/WH-TA98-LED-front.jpg",2310,1926,false],"thumbnail":["https:\/\/adflow.agency\/wp-content\/uploads\/2016\/12\/WH-TA98-LED-front.jpg",240,200,false],"medium":["https:\/\/adflow.agency\/wp-content\/uploads\/2016\/12\/WH-TA98-LED-front.jpg",360,300,false],"medium_large":["https:\/\/adflow.agency\/wp-content\/uploads\/2016\/12\/WH-TA98-LED-front.jpg",768,640,false],"large":["https:\/\/adflow.agency\/wp-content\/uploads\/2016\/12\/WH-TA98-LED-front.jpg",1439,1200,false],"1536x1536":["https:\/\/adflow.agency\/wp-content\/uploads\/2016\/12\/WH-TA98-LED-front.jpg",1536,1281,false],"2048x2048":["https:\/\/adflow.agency\/wp-content\/uploads\/2016\/12\/WH-TA98-LED-front.jpg",2048,1708,false],"woocommerce_thumbnail":["https:\/\/adflow.agency\/wp-content\/uploads\/2016\/12\/WH-TA98-LED-front-247x247.jpg",247,247,true],"woocommerce_single":["https:\/\/adflow.agency\/wp-content\/uploads\/2016\/12\/WH-TA98-LED-front.jpg",510,425,false],"woocommerce_gallery_thumbnail":["https:\/\/adflow.agency\/wp-content\/uploads\/2016\/12\/WH-TA98-LED-front-100x100.jpg",100,100,true]},"uagb_author_info":{"display_name":"aden_admin","author_link":"https:\/\/adflow.agency\/de\/author\/"},"uagb_comment_info":0,"uagb_excerpt":"Kompletter Rotor\/Turbine f\u00fcr WH Vision TK-98 \/ Synea TG-98 \/ Synea TA-98 CLED Turbinen-Handst\u00fccke Hergestellt mit japanischen Hochpr\u00e4zisions-Keramik-Schr\u00e4gkugellagern Alternative f\u00fcr WH REF. 05307000 Produkt wird mit 2x O-Ringen und 2x Wellscheiben geliefert 12 Monate Garantie Hergestellt in Deutschland","_links":{"self":[{"href":"https:\/\/adflow.agency\/de\/wp-json\/wp\/v2\/product\/13563","targetHints":{"allow":["GET"]}}],"collection":[{"href":"https:\/\/adflow.agency\/de\/wp-json\/wp\/v2\/product"}],"about":[{"href":"https:\/\/adflow.agency\/de\/wp-json\/wp\/v2\/types\/product"}],"replies":[{"embeddable":true,"href":"https:\/\/adflow.agency\/de\/wp-json\/wp\/v2\/comments?post=13563"}],"wp:featuredmedia":[{"embeddable":true,"href":"https:\/\/adflow.agency\/de\/wp-json\/wp\/v2\/media\/2372"}],"wp:attachment":[{"href":"https:\/\/adflow.agency\/de\/wp-json\/wp\/v2\/media?parent=13563"}],"wp:term":[{"taxonomy":"product_brand","embeddable":true,"href":"https:\/\/adflow.agency\/de\/wp-json\/wp\/v2\/product_brand?post=13563"},{"taxonomy":"product_cat","embeddable":true,"href":"https:\/\/adflow.agency\/de\/wp-json\/wp\/v2\/product_cat?post=13563"},{"taxonomy":"product_tag","embeddable":true,"href":"https:\/\/adflow.agency\/de\/wp-json\/wp\/v2\/product_tag?post=13563"}],"curies":[{"name":"wp","href":"https:\/\/api.w.org\/{rel}","templated":true}]}}