{"id":13567,"date":"2016-11-28T13:03:04","date_gmt":"2016-11-28T12:03:04","guid":{"rendered":"https:\/\/adflow.agency\/product\/antriebssatz-fuer-kavo-25lha-25ln\/"},"modified":"2026-02-24T11:29:47","modified_gmt":"2026-02-24T10:29:47","slug":"antriebssatz-fuer-kavo-25lha-25ln","status":"publish","type":"product","link":"https:\/\/adflow.agency\/de\/product\/antriebssatz-fuer-kavo-25lha-25ln\/","title":{"rendered":"Antriebssatz f\u00fcr KaVo 25LH(A)\/25LN"},"content":{"rendered":"","protected":false},"excerpt":{"rendered":"<ul>\n<li>Getriebesatz, bestehend aus Kopfrotorkartusche, Zwischenwelle und Leerlaufwelle f\u00fcr KaVo 25LH(A)\/25LN Winkelst\u00fccke<\/li>\n<li>Alternative f\u00fcr KaVo REF.1.006.2969<\/li>\n<li>Jeder Satz wird gr\u00fcndlich in einem Handst\u00fcck getestet<\/li>\n<li>12 Monate Garantie<\/li>\n<li>Hergestellt in Deutschland<\/li>\n<\/ul>\n","protected":false},"featured_media":2584,"comment_status":"closed","ping_status":"closed","template":"","meta":{"inline_featured_image":false,"_uag_custom_page_level_css":""},"product_brand":[],"product_cat":[1145],"product_tag":[1209,1173],"class_list":{"0":"post-13567","1":"product","2":"type-product","3":"status-publish","4":"has-post-thumbnail","6":"product_cat-kavo-bundel","7":"product_tag-kavo-25lh-a-c-n","8":"product_tag-kavo-25ln","10":"first","11":"instock","12":"taxable","13":"shipping-taxable","14":"product-type-simple"},"acf":[],"uagb_featured_image_src":{"full":["https:\/\/adflow.agency\/wp-content\/uploads\/2016\/12\/A10525.0-25LH-set-scaled.jpg",3402,3118,false],"thumbnail":["https:\/\/adflow.agency\/wp-content\/uploads\/2016\/12\/A10525.0-25LH-set-scaled.jpg",218,200,false],"medium":["https:\/\/adflow.agency\/wp-content\/uploads\/2016\/12\/A10525.0-25LH-set-scaled.jpg",327,300,false],"medium_large":["https:\/\/adflow.agency\/wp-content\/uploads\/2016\/12\/A10525.0-25LH-set-scaled.jpg",768,704,false],"large":["https:\/\/adflow.agency\/wp-content\/uploads\/2016\/12\/A10525.0-25LH-set-scaled.jpg",1309,1200,false],"1536x1536":["https:\/\/adflow.agency\/wp-content\/uploads\/2016\/12\/A10525.0-25LH-set-scaled.jpg",1536,1408,false],"2048x2048":["https:\/\/adflow.agency\/wp-content\/uploads\/2016\/12\/A10525.0-25LH-set-scaled.jpg",2048,1877,false],"woocommerce_thumbnail":["https:\/\/adflow.agency\/wp-content\/uploads\/2016\/12\/A10525.0-25LH-set-247x247.jpg",247,247,true],"woocommerce_single":["https:\/\/adflow.agency\/wp-content\/uploads\/2016\/12\/A10525.0-25LH-set-510x467.jpg",510,467,true],"woocommerce_gallery_thumbnail":["https:\/\/adflow.agency\/wp-content\/uploads\/2016\/12\/A10525.0-25LH-set-100x100.jpg",100,100,true]},"uagb_author_info":{"display_name":"aden_admin","author_link":"https:\/\/adflow.agency\/de\/author\/"},"uagb_comment_info":0,"uagb_excerpt":"Getriebesatz, bestehend aus Kopfrotorkartusche, Zwischenwelle und Leerlaufwelle f\u00fcr KaVo 25LH(A)\/25LN Winkelst\u00fccke Alternative f\u00fcr KaVo REF.1.006.2969 Jeder Satz wird gr\u00fcndlich in einem Handst\u00fcck getestet 12 Monate Garantie Hergestellt in Deutschland","_links":{"self":[{"href":"https:\/\/adflow.agency\/de\/wp-json\/wp\/v2\/product\/13567","targetHints":{"allow":["GET"]}}],"collection":[{"href":"https:\/\/adflow.agency\/de\/wp-json\/wp\/v2\/product"}],"about":[{"href":"https:\/\/adflow.agency\/de\/wp-json\/wp\/v2\/types\/product"}],"replies":[{"embeddable":true,"href":"https:\/\/adflow.agency\/de\/wp-json\/wp\/v2\/comments?post=13567"}],"wp:featuredmedia":[{"embeddable":true,"href":"https:\/\/adflow.agency\/de\/wp-json\/wp\/v2\/media\/2584"}],"wp:attachment":[{"href":"https:\/\/adflow.agency\/de\/wp-json\/wp\/v2\/media?parent=13567"}],"wp:term":[{"taxonomy":"product_brand","embeddable":true,"href":"https:\/\/adflow.agency\/de\/wp-json\/wp\/v2\/product_brand?post=13567"},{"taxonomy":"product_cat","embeddable":true,"href":"https:\/\/adflow.agency\/de\/wp-json\/wp\/v2\/product_cat?post=13567"},{"taxonomy":"product_tag","embeddable":true,"href":"https:\/\/adflow.agency\/de\/wp-json\/wp\/v2\/product_tag?post=13567"}],"curies":[{"name":"wp","href":"https:\/\/api.w.org\/{rel}","templated":true}]}}