{"id":13569,"date":"2016-11-28T13:02:57","date_gmt":"2016-11-28T12:02:57","guid":{"rendered":"https:\/\/adflow.agency\/product\/rotor-turbine-fuer-midwest-stylus-360-361\/"},"modified":"2026-02-24T11:29:47","modified_gmt":"2026-02-24T10:29:47","slug":"rotor-turbine-fuer-midwest-stylus-360-361","status":"publish","type":"product","link":"https:\/\/adflow.agency\/de\/product\/rotor-turbine-fuer-midwest-stylus-360-361\/","title":{"rendered":"Rotor\/Turbine f\u00fcr Midwest Stylus 360\/361"},"content":{"rendered":"","protected":false},"excerpt":{"rendered":"<ul>\n<li>Kompletter Rotor\/Turbine f\u00fcr Midwest Stylus 360\/361 Turbinen-Handst\u00fcck<\/li>\n<li>Hergestellt mit deutschen Hochpr\u00e4zisions-Keramiklagern mit Schr\u00e4gkontakt<\/li>\n<li>Alternative f\u00fcr Midwest REF. 790310<\/li>\n<li>12 Monate Garantie<\/li>\n<li>Hergestellt in Deutschland<\/li>\n<\/ul>\n","protected":false},"featured_media":2390,"comment_status":"closed","ping_status":"closed","template":"","meta":{"inline_featured_image":false,"_uag_custom_page_level_css":""},"product_brand":[],"product_cat":[1138,1278],"product_tag":[1228],"class_list":{"0":"post-13569","1":"product","2":"type-product","3":"status-publish","4":"has-post-thumbnail","6":"product_cat-angebot","7":"product_cat-midwest-turbinen","8":"product_tag-midwest-stylus","10":"first","11":"instock","12":"taxable","13":"shipping-taxable","14":"product-type-simple"},"acf":[],"uagb_featured_image_src":{"full":["https:\/\/adflow.agency\/wp-content\/uploads\/2016\/12\/Midwest-Stylus.jpg",2268,1986,false],"thumbnail":["https:\/\/adflow.agency\/wp-content\/uploads\/2016\/12\/Midwest-Stylus.jpg",228,200,false],"medium":["https:\/\/adflow.agency\/wp-content\/uploads\/2016\/12\/Midwest-Stylus.jpg",343,300,false],"medium_large":["https:\/\/adflow.agency\/wp-content\/uploads\/2016\/12\/Midwest-Stylus.jpg",768,673,false],"large":["https:\/\/adflow.agency\/wp-content\/uploads\/2016\/12\/Midwest-Stylus.jpg",1370,1200,false],"1536x1536":["https:\/\/adflow.agency\/wp-content\/uploads\/2016\/12\/Midwest-Stylus.jpg",1536,1345,false],"2048x2048":["https:\/\/adflow.agency\/wp-content\/uploads\/2016\/12\/Midwest-Stylus.jpg",2048,1793,false],"woocommerce_thumbnail":["https:\/\/adflow.agency\/wp-content\/uploads\/2016\/12\/Midwest-Stylus-247x247.jpg",247,247,true],"woocommerce_single":["https:\/\/adflow.agency\/wp-content\/uploads\/2016\/12\/Midwest-Stylus.jpg",510,447,false],"woocommerce_gallery_thumbnail":["https:\/\/adflow.agency\/wp-content\/uploads\/2016\/12\/Midwest-Stylus-100x100.jpg",100,100,true]},"uagb_author_info":{"display_name":"aden_admin","author_link":"https:\/\/adflow.agency\/de\/author\/"},"uagb_comment_info":0,"uagb_excerpt":"Kompletter Rotor\/Turbine f\u00fcr Midwest Stylus 360\/361 Turbinen-Handst\u00fcck Hergestellt mit deutschen Hochpr\u00e4zisions-Keramiklagern mit Schr\u00e4gkontakt Alternative f\u00fcr Midwest REF. 790310 12 Monate Garantie Hergestellt in Deutschland","_links":{"self":[{"href":"https:\/\/adflow.agency\/de\/wp-json\/wp\/v2\/product\/13569","targetHints":{"allow":["GET"]}}],"collection":[{"href":"https:\/\/adflow.agency\/de\/wp-json\/wp\/v2\/product"}],"about":[{"href":"https:\/\/adflow.agency\/de\/wp-json\/wp\/v2\/types\/product"}],"replies":[{"embeddable":true,"href":"https:\/\/adflow.agency\/de\/wp-json\/wp\/v2\/comments?post=13569"}],"wp:featuredmedia":[{"embeddable":true,"href":"https:\/\/adflow.agency\/de\/wp-json\/wp\/v2\/media\/2390"}],"wp:attachment":[{"href":"https:\/\/adflow.agency\/de\/wp-json\/wp\/v2\/media?parent=13569"}],"wp:term":[{"taxonomy":"product_brand","embeddable":true,"href":"https:\/\/adflow.agency\/de\/wp-json\/wp\/v2\/product_brand?post=13569"},{"taxonomy":"product_cat","embeddable":true,"href":"https:\/\/adflow.agency\/de\/wp-json\/wp\/v2\/product_cat?post=13569"},{"taxonomy":"product_tag","embeddable":true,"href":"https:\/\/adflow.agency\/de\/wp-json\/wp\/v2\/product_tag?post=13569"}],"curies":[{"name":"wp","href":"https:\/\/api.w.org\/{rel}","templated":true}]}}