{"id":13570,"date":"2016-11-28T13:02:57","date_gmt":"2016-11-28T12:02:57","guid":{"rendered":"https:\/\/adflow.agency\/product\/rotor-turbine-tix-su03-fuer-nsk-ti-max-x600-nl9000\/"},"modified":"2026-02-24T11:29:48","modified_gmt":"2026-02-24T10:29:48","slug":"rotor-turbine-tix-su03-fuer-nsk-ti-max-x600-nl9000","status":"publish","type":"product","link":"https:\/\/adflow.agency\/de\/product\/rotor-turbine-tix-su03-fuer-nsk-ti-max-x600-nl9000\/","title":{"rendered":"Rotor\/Turbine TiX-SU03 f\u00fcr NSK Ti-Max X600 (NL9000)"},"content":{"rendered":"","protected":false},"excerpt":{"rendered":"<ul>\n<li>Kompletter Rotor\/Turbine TiX-SU03 f\u00fcr NSK Ti-Max X600 (NL9000) Turbinenhandst\u00fcck<\/li>\n<li>Hergestellt mit hochpr\u00e4zisen deutschen und japanischen Schr\u00e4g- und Radial-Keramiklagern<\/li>\n<li>Alternative f\u00fcr NSK REF. Y900201<\/li>\n<li>Produkt wird mit 2x O-Ringen und 2x Unterlegscheiben geliefert<\/li>\n<li>12 Monate Garantie<\/li>\n<li>Hergestellt in Deutschland<\/li>\n<\/ul>\n","protected":false},"featured_media":2384,"comment_status":"closed","ping_status":"closed","template":"","meta":{"inline_featured_image":false,"_uag_custom_page_level_css":""},"product_brand":[],"product_cat":[1138,1165],"product_tag":[1193],"class_list":{"0":"post-13570","1":"product","2":"type-product","3":"status-publish","4":"has-post-thumbnail","6":"product_cat-angebot","7":"product_cat-nsk-turbinen","8":"product_tag-nsk-x600","10":"first","11":"instock","12":"taxable","13":"shipping-taxable","14":"product-type-simple"},"acf":[],"uagb_featured_image_src":{"full":["https:\/\/adflow.agency\/wp-content\/uploads\/2016\/12\/NSK-X600.jpg",2340,1928,false],"thumbnail":["https:\/\/adflow.agency\/wp-content\/uploads\/2016\/12\/NSK-X600.jpg",243,200,false],"medium":["https:\/\/adflow.agency\/wp-content\/uploads\/2016\/12\/NSK-X600.jpg",364,300,false],"medium_large":["https:\/\/adflow.agency\/wp-content\/uploads\/2016\/12\/NSK-X600.jpg",768,633,false],"large":["https:\/\/adflow.agency\/wp-content\/uploads\/2016\/12\/NSK-X600.jpg",1456,1200,false],"1536x1536":["https:\/\/adflow.agency\/wp-content\/uploads\/2016\/12\/NSK-X600.jpg",1536,1266,false],"2048x2048":["https:\/\/adflow.agency\/wp-content\/uploads\/2016\/12\/NSK-X600.jpg",2048,1687,false],"woocommerce_thumbnail":["https:\/\/adflow.agency\/wp-content\/uploads\/2016\/12\/NSK-X600-247x247.jpg",247,247,true],"woocommerce_single":["https:\/\/adflow.agency\/wp-content\/uploads\/2016\/12\/NSK-X600.jpg",510,420,false],"woocommerce_gallery_thumbnail":["https:\/\/adflow.agency\/wp-content\/uploads\/2016\/12\/NSK-X600-100x100.jpg",100,100,true]},"uagb_author_info":{"display_name":"aden_admin","author_link":"https:\/\/adflow.agency\/de\/author\/"},"uagb_comment_info":0,"uagb_excerpt":"Kompletter Rotor\/Turbine TiX-SU03 f\u00fcr NSK Ti-Max X600 (NL9000) Turbinenhandst\u00fcck Hergestellt mit hochpr\u00e4zisen deutschen und japanischen Schr\u00e4g- und Radial-Keramiklagern Alternative f\u00fcr NSK REF. Y900201 Produkt wird mit 2x O-Ringen und 2x Unterlegscheiben geliefert 12 Monate Garantie Hergestellt in Deutschland","_links":{"self":[{"href":"https:\/\/adflow.agency\/de\/wp-json\/wp\/v2\/product\/13570","targetHints":{"allow":["GET"]}}],"collection":[{"href":"https:\/\/adflow.agency\/de\/wp-json\/wp\/v2\/product"}],"about":[{"href":"https:\/\/adflow.agency\/de\/wp-json\/wp\/v2\/types\/product"}],"replies":[{"embeddable":true,"href":"https:\/\/adflow.agency\/de\/wp-json\/wp\/v2\/comments?post=13570"}],"wp:featuredmedia":[{"embeddable":true,"href":"https:\/\/adflow.agency\/de\/wp-json\/wp\/v2\/media\/2384"}],"wp:attachment":[{"href":"https:\/\/adflow.agency\/de\/wp-json\/wp\/v2\/media?parent=13570"}],"wp:term":[{"taxonomy":"product_brand","embeddable":true,"href":"https:\/\/adflow.agency\/de\/wp-json\/wp\/v2\/product_brand?post=13570"},{"taxonomy":"product_cat","embeddable":true,"href":"https:\/\/adflow.agency\/de\/wp-json\/wp\/v2\/product_cat?post=13570"},{"taxonomy":"product_tag","embeddable":true,"href":"https:\/\/adflow.agency\/de\/wp-json\/wp\/v2\/product_tag?post=13570"}],"curies":[{"name":"wp","href":"https:\/\/api.w.org\/{rel}","templated":true}]}}