{"id":13573,"date":"2016-11-28T13:02:57","date_gmt":"2016-11-28T12:02:57","guid":{"rendered":"https:\/\/adflow.agency\/product\/antriebssatz-fuer-kavo-25lpa\/"},"modified":"2026-02-24T11:29:41","modified_gmt":"2026-02-24T10:29:41","slug":"antriebssatz-fuer-kavo-25lpa","status":"publish","type":"product","link":"https:\/\/adflow.agency\/de\/product\/antriebssatz-fuer-kavo-25lpa\/","title":{"rendered":"Antriebssatz f\u00fcr KaVo 25LP(A)"},"content":{"rendered":"","protected":false},"excerpt":{"rendered":"<ul>\n<li>Satz, bestehend aus Kopfrotor-Kartusche und Zwischenwelle f\u00fcr KaVo 25LP(A) Winkelst\u00fcck<\/li>\n<li>Alternative f\u00fcr KaVo REF. 1.001.3520\/1.002.6135 (Kartusche) und 1.001.3515 (Zwischenwelle)<\/li>\n<li>Jeder Satz wird gr\u00fcndlich in einem Handst\u00fcck getestet<\/li>\n<li>12 Monate Garantie<\/li>\n<li>Hergestellt in Deutschland<\/li>\n<\/ul>\n","protected":false},"featured_media":2413,"comment_status":"closed","ping_status":"closed","template":"","meta":{"inline_featured_image":false,"_uag_custom_page_level_css":""},"product_brand":[],"product_cat":[1145],"product_tag":[],"class_list":{"0":"post-13573","1":"product","2":"type-product","3":"status-publish","4":"has-post-thumbnail","6":"product_cat-kavo-bundel","8":"first","9":"instock","10":"taxable","11":"shipping-taxable","12":"product-type-simple"},"acf":[],"uagb_featured_image_src":{"full":["https:\/\/adflow.agency\/wp-content\/uploads\/2016\/12\/K25LP-Kit2-1-scaled.jpg",3260,2976,false],"thumbnail":["https:\/\/adflow.agency\/wp-content\/uploads\/2016\/12\/K25LP-Kit2-1-scaled.jpg",219,200,false],"medium":["https:\/\/adflow.agency\/wp-content\/uploads\/2016\/12\/K25LP-Kit2-1-scaled.jpg",329,300,false],"medium_large":["https:\/\/adflow.agency\/wp-content\/uploads\/2016\/12\/K25LP-Kit2-1-scaled.jpg",768,701,false],"large":["https:\/\/adflow.agency\/wp-content\/uploads\/2016\/12\/K25LP-Kit2-1-scaled.jpg",1315,1200,false],"1536x1536":["https:\/\/adflow.agency\/wp-content\/uploads\/2016\/12\/K25LP-Kit2-1-scaled.jpg",1536,1402,false],"2048x2048":["https:\/\/adflow.agency\/wp-content\/uploads\/2016\/12\/K25LP-Kit2-1-scaled.jpg",2048,1870,false],"woocommerce_thumbnail":["https:\/\/adflow.agency\/wp-content\/uploads\/2016\/12\/K25LP-Kit2-1-247x247.jpg",247,247,true],"woocommerce_single":["https:\/\/adflow.agency\/wp-content\/uploads\/2016\/12\/K25LP-Kit2-1-510x466.jpg",510,466,true],"woocommerce_gallery_thumbnail":["https:\/\/adflow.agency\/wp-content\/uploads\/2016\/12\/K25LP-Kit2-1-100x100.jpg",100,100,true]},"uagb_author_info":{"display_name":"aden_admin","author_link":"https:\/\/adflow.agency\/de\/author\/"},"uagb_comment_info":0,"uagb_excerpt":"Satz, bestehend aus Kopfrotor-Kartusche und Zwischenwelle f\u00fcr KaVo 25LP(A) Winkelst\u00fcck Alternative f\u00fcr KaVo REF. 1.001.3520\/1.002.6135 (Kartusche) und 1.001.3515 (Zwischenwelle) Jeder Satz wird gr\u00fcndlich in einem Handst\u00fcck getestet 12 Monate Garantie Hergestellt in Deutschland","_links":{"self":[{"href":"https:\/\/adflow.agency\/de\/wp-json\/wp\/v2\/product\/13573","targetHints":{"allow":["GET"]}}],"collection":[{"href":"https:\/\/adflow.agency\/de\/wp-json\/wp\/v2\/product"}],"about":[{"href":"https:\/\/adflow.agency\/de\/wp-json\/wp\/v2\/types\/product"}],"replies":[{"embeddable":true,"href":"https:\/\/adflow.agency\/de\/wp-json\/wp\/v2\/comments?post=13573"}],"wp:featuredmedia":[{"embeddable":true,"href":"https:\/\/adflow.agency\/de\/wp-json\/wp\/v2\/media\/2413"}],"wp:attachment":[{"href":"https:\/\/adflow.agency\/de\/wp-json\/wp\/v2\/media?parent=13573"}],"wp:term":[{"taxonomy":"product_brand","embeddable":true,"href":"https:\/\/adflow.agency\/de\/wp-json\/wp\/v2\/product_brand?post=13573"},{"taxonomy":"product_cat","embeddable":true,"href":"https:\/\/adflow.agency\/de\/wp-json\/wp\/v2\/product_cat?post=13573"},{"taxonomy":"product_tag","embeddable":true,"href":"https:\/\/adflow.agency\/de\/wp-json\/wp\/v2\/product_tag?post=13573"}],"curies":[{"name":"wp","href":"https:\/\/api.w.org\/{rel}","templated":true}]}}