{"id":13575,"date":"2016-11-28T13:02:57","date_gmt":"2016-11-28T12:02:57","guid":{"rendered":"https:\/\/adflow.agency\/product\/premium-rotor-turbine-fuer-wh-ta-97-led\/"},"modified":"2026-02-24T11:29:38","modified_gmt":"2026-02-24T10:29:38","slug":"premium-rotor-turbine-fuer-wh-ta-97-led","status":"publish","type":"product","link":"https:\/\/adflow.agency\/de\/product\/premium-rotor-turbine-fuer-wh-ta-97-led\/","title":{"rendered":"Premium Rotor\/Turbine f\u00fcr WH TA-97 LED"},"content":{"rendered":"","protected":false},"excerpt":{"rendered":"<ul>\n<li>Kompletter Premium-Rotor\/Turbine f\u00fcr WH TA-97 LED Turbinen-Handst\u00fcck<\/li>\n<li>Hergestellt mit deutschen Hochpr\u00e4zisions-Radialkeramiklagern<\/li>\n<li>Alternative f\u00fcr WH REF. 05307200<\/li>\n<li>Produkt wird mit 2x O-Ringen und 2x Wellscheiben geliefert<\/li>\n<li>12 Monate Garantie<\/li>\n<li>Hergestellt in Deutschland<\/li>\n<\/ul>\n","protected":false},"featured_media":2376,"comment_status":"closed","ping_status":"closed","template":"","meta":{"inline_featured_image":false,"_uag_custom_page_level_css":""},"product_brand":[],"product_cat":[1138,1303],"product_tag":[1269],"class_list":{"0":"post-13575","1":"product","2":"type-product","3":"status-publish","4":"has-post-thumbnail","6":"product_cat-angebot","7":"product_cat-wh-turbinen","8":"product_tag-wh-ta-97-led","10":"first","11":"instock","12":"taxable","13":"shipping-taxable","14":"product-type-simple"},"acf":[],"uagb_featured_image_src":{"full":["https:\/\/adflow.agency\/wp-content\/uploads\/2016\/12\/WH-TA-97-LED.jpg",2268,1899,false],"thumbnail":["https:\/\/adflow.agency\/wp-content\/uploads\/2016\/12\/WH-TA-97-LED.jpg",239,200,false],"medium":["https:\/\/adflow.agency\/wp-content\/uploads\/2016\/12\/WH-TA-97-LED.jpg",358,300,false],"medium_large":["https:\/\/adflow.agency\/wp-content\/uploads\/2016\/12\/WH-TA-97-LED.jpg",768,643,false],"large":["https:\/\/adflow.agency\/wp-content\/uploads\/2016\/12\/WH-TA-97-LED.jpg",1433,1200,false],"1536x1536":["https:\/\/adflow.agency\/wp-content\/uploads\/2016\/12\/WH-TA-97-LED.jpg",1536,1286,false],"2048x2048":["https:\/\/adflow.agency\/wp-content\/uploads\/2016\/12\/WH-TA-97-LED.jpg",2048,1715,false],"woocommerce_thumbnail":["https:\/\/adflow.agency\/wp-content\/uploads\/2016\/12\/WH-TA-97-LED-247x247.jpg",247,247,true],"woocommerce_single":["https:\/\/adflow.agency\/wp-content\/uploads\/2016\/12\/WH-TA-97-LED.jpg",510,427,false],"woocommerce_gallery_thumbnail":["https:\/\/adflow.agency\/wp-content\/uploads\/2016\/12\/WH-TA-97-LED-100x100.jpg",100,100,true]},"uagb_author_info":{"display_name":"aden_admin","author_link":"https:\/\/adflow.agency\/de\/author\/"},"uagb_comment_info":0,"uagb_excerpt":"Kompletter Premium-Rotor\/Turbine f\u00fcr WH TA-97 LED Turbinen-Handst\u00fcck Hergestellt mit deutschen Hochpr\u00e4zisions-Radialkeramiklagern Alternative f\u00fcr WH REF. 05307200 Produkt wird mit 2x O-Ringen und 2x Wellscheiben geliefert 12 Monate Garantie Hergestellt in Deutschland","_links":{"self":[{"href":"https:\/\/adflow.agency\/de\/wp-json\/wp\/v2\/product\/13575","targetHints":{"allow":["GET"]}}],"collection":[{"href":"https:\/\/adflow.agency\/de\/wp-json\/wp\/v2\/product"}],"about":[{"href":"https:\/\/adflow.agency\/de\/wp-json\/wp\/v2\/types\/product"}],"replies":[{"embeddable":true,"href":"https:\/\/adflow.agency\/de\/wp-json\/wp\/v2\/comments?post=13575"}],"wp:featuredmedia":[{"embeddable":true,"href":"https:\/\/adflow.agency\/de\/wp-json\/wp\/v2\/media\/2376"}],"wp:attachment":[{"href":"https:\/\/adflow.agency\/de\/wp-json\/wp\/v2\/media?parent=13575"}],"wp:term":[{"taxonomy":"product_brand","embeddable":true,"href":"https:\/\/adflow.agency\/de\/wp-json\/wp\/v2\/product_brand?post=13575"},{"taxonomy":"product_cat","embeddable":true,"href":"https:\/\/adflow.agency\/de\/wp-json\/wp\/v2\/product_cat?post=13575"},{"taxonomy":"product_tag","embeddable":true,"href":"https:\/\/adflow.agency\/de\/wp-json\/wp\/v2\/product_tag?post=13575"}],"curies":[{"name":"wp","href":"https:\/\/api.w.org\/{rel}","templated":true}]}}