{"id":13576,"date":"2016-11-28T13:02:57","date_gmt":"2016-11-28T12:02:57","guid":{"rendered":"https:\/\/adflow.agency\/product\/zwischenwelle-fuer-kavo-25lpa-m25l\/"},"modified":"2026-02-24T11:29:45","modified_gmt":"2026-02-24T10:29:45","slug":"zwischenwelle-fuer-kavo-25lpa-m25l","status":"publish","type":"product","link":"https:\/\/adflow.agency\/de\/product\/zwischenwelle-fuer-kavo-25lpa-m25l\/","title":{"rendered":"Zwischenwelle f\u00fcr KaVo 25LP(A)\/M25L"},"content":{"rendered":"","protected":false},"excerpt":{"rendered":"<ul>\n<li>Komplette Zwischenwelle f\u00fcr KaVo 25LP(A)\/M25L Winkelst\u00fccke<\/li>\n<li>Alternative f\u00fcr KaVo REF. 1.001.3515<\/li>\n<li>Jede Welle wird gr\u00fcndlich in einem Handst\u00fcck getestet<\/li>\n<li>Produkt wird als fertige Baugruppe geliefert<\/li>\n<li>12 Monate Garantie<\/li>\n<li>Hergestellt in Deutschland<\/li>\n<\/ul>\n","protected":false},"featured_media":2360,"comment_status":"closed","ping_status":"closed","template":"","meta":{"inline_featured_image":false,"_uag_custom_page_level_css":""},"product_brand":[],"product_cat":[1300],"product_tag":[1226],"class_list":{"0":"post-13576","1":"product","2":"type-product","3":"status-publish","4":"has-post-thumbnail","6":"product_cat-kavo-zwischenwellen","7":"product_tag-kavo-m25l","9":"first","10":"instock","11":"taxable","12":"shipping-taxable","13":"product-type-simple"},"acf":[],"uagb_featured_image_src":{"full":["https:\/\/adflow.agency\/wp-content\/uploads\/2016\/12\/KaVo-25LP-ZT-side.jpg",2438,2211,false],"thumbnail":["https:\/\/adflow.agency\/wp-content\/uploads\/2016\/12\/KaVo-25LP-ZT-side.jpg",221,200,false],"medium":["https:\/\/adflow.agency\/wp-content\/uploads\/2016\/12\/KaVo-25LP-ZT-side.jpg",331,300,false],"medium_large":["https:\/\/adflow.agency\/wp-content\/uploads\/2016\/12\/KaVo-25LP-ZT-side.jpg",768,696,false],"large":["https:\/\/adflow.agency\/wp-content\/uploads\/2016\/12\/KaVo-25LP-ZT-side.jpg",1323,1200,false],"1536x1536":["https:\/\/adflow.agency\/wp-content\/uploads\/2016\/12\/KaVo-25LP-ZT-side.jpg",1536,1393,false],"2048x2048":["https:\/\/adflow.agency\/wp-content\/uploads\/2016\/12\/KaVo-25LP-ZT-side.jpg",2048,1857,false],"woocommerce_thumbnail":["https:\/\/adflow.agency\/wp-content\/uploads\/2016\/12\/KaVo-25LP-ZT-side-247x247.jpg",247,247,true],"woocommerce_single":["https:\/\/adflow.agency\/wp-content\/uploads\/2016\/12\/KaVo-25LP-ZT-side.jpg",510,463,false],"woocommerce_gallery_thumbnail":["https:\/\/adflow.agency\/wp-content\/uploads\/2016\/12\/KaVo-25LP-ZT-side-100x100.jpg",100,100,true]},"uagb_author_info":{"display_name":"aden_admin","author_link":"https:\/\/adflow.agency\/de\/author\/"},"uagb_comment_info":0,"uagb_excerpt":"Komplette Zwischenwelle f\u00fcr KaVo 25LP(A)\/M25L Winkelst\u00fccke Alternative f\u00fcr KaVo REF. 1.001.3515 Jede Welle wird gr\u00fcndlich in einem Handst\u00fcck getestet Produkt wird als fertige Baugruppe geliefert 12 Monate Garantie Hergestellt in Deutschland","_links":{"self":[{"href":"https:\/\/adflow.agency\/de\/wp-json\/wp\/v2\/product\/13576","targetHints":{"allow":["GET"]}}],"collection":[{"href":"https:\/\/adflow.agency\/de\/wp-json\/wp\/v2\/product"}],"about":[{"href":"https:\/\/adflow.agency\/de\/wp-json\/wp\/v2\/types\/product"}],"replies":[{"embeddable":true,"href":"https:\/\/adflow.agency\/de\/wp-json\/wp\/v2\/comments?post=13576"}],"wp:featuredmedia":[{"embeddable":true,"href":"https:\/\/adflow.agency\/de\/wp-json\/wp\/v2\/media\/2360"}],"wp:attachment":[{"href":"https:\/\/adflow.agency\/de\/wp-json\/wp\/v2\/media?parent=13576"}],"wp:term":[{"taxonomy":"product_brand","embeddable":true,"href":"https:\/\/adflow.agency\/de\/wp-json\/wp\/v2\/product_brand?post=13576"},{"taxonomy":"product_cat","embeddable":true,"href":"https:\/\/adflow.agency\/de\/wp-json\/wp\/v2\/product_cat?post=13576"},{"taxonomy":"product_tag","embeddable":true,"href":"https:\/\/adflow.agency\/de\/wp-json\/wp\/v2\/product_tag?post=13576"}],"curies":[{"name":"wp","href":"https:\/\/api.w.org\/{rel}","templated":true}]}}