{"id":13578,"date":"2016-11-28T13:02:57","date_gmt":"2016-11-28T12:02:57","guid":{"rendered":"https:\/\/adflow.agency\/product\/keramikkugellager-mit-schraegkugellager-3175-x-635-x-238\/"},"modified":"2026-02-24T11:29:45","modified_gmt":"2026-02-24T10:29:45","slug":"keramikkugellager-mit-schraegkugellager-3175-x-635-x-238","status":"publish","type":"product","link":"https:\/\/adflow.agency\/de\/product\/keramikkugellager-mit-schraegkugellager-3175-x-635-x-238\/","title":{"rendered":"Keramikkugellager mit Schr\u00e4gkugellager, 3,175 x 6,35 x 2,38"},"content":{"rendered":"","protected":false},"excerpt":{"rendered":"<ul>\n<li>Keramisches Pr\u00e4zisions-Schr\u00e4gkugellager<\/li>\n<li>Abmessungen: 3,175 x 6,35 x 2,38<\/li>\n<li>Zur Verwendung f\u00fcr Rotoren Midwest Quiet Air\/Tradition Lever und NSK X600\/X700, unter anderem<\/li>\n<li>Qualit\u00e4tsstufe: ISO P4P, ABEC 7\/9<\/li>\n<li>Hergestellt in Japan<\/li>\n<\/ul>\n","protected":false},"featured_media":2328,"comment_status":"closed","ping_status":"closed","template":"","meta":{"inline_featured_image":false,"_uag_custom_page_level_css":""},"product_brand":[],"product_cat":[1155],"product_tag":[1197,1196,1193,1268],"class_list":{"0":"post-13578","1":"product","2":"type-product","3":"status-publish","4":"has-post-thumbnail","6":"product_cat-lager","7":"product_tag-midwest-quiet-air-lever","8":"product_tag-midwest-tradition-lever","9":"product_tag-nsk-x600","10":"product_tag-nsk-x700","12":"first","13":"instock","14":"taxable","15":"shipping-taxable","16":"product-type-simple"},"acf":[],"uagb_featured_image_src":{"full":["https:\/\/adflow.agency\/wp-content\/uploads\/2016\/12\/A10390-P10084.jpg",1528,1394,false],"thumbnail":["https:\/\/adflow.agency\/wp-content\/uploads\/2016\/12\/A10390-P10084.jpg",219,200,false],"medium":["https:\/\/adflow.agency\/wp-content\/uploads\/2016\/12\/A10390-P10084.jpg",329,300,false],"medium_large":["https:\/\/adflow.agency\/wp-content\/uploads\/2016\/12\/A10390-P10084.jpg",768,701,false],"large":["https:\/\/adflow.agency\/wp-content\/uploads\/2016\/12\/A10390-P10084.jpg",1315,1200,false],"1536x1536":["https:\/\/adflow.agency\/wp-content\/uploads\/2016\/12\/A10390-P10084.jpg",1528,1394,false],"2048x2048":["https:\/\/adflow.agency\/wp-content\/uploads\/2016\/12\/A10390-P10084.jpg",1528,1394,false],"woocommerce_thumbnail":["https:\/\/adflow.agency\/wp-content\/uploads\/2016\/12\/A10390-P10084-247x247.jpg",247,247,true],"woocommerce_single":["https:\/\/adflow.agency\/wp-content\/uploads\/2016\/12\/A10390-P10084.jpg",510,465,false],"woocommerce_gallery_thumbnail":["https:\/\/adflow.agency\/wp-content\/uploads\/2016\/12\/A10390-P10084-100x100.jpg",100,100,true]},"uagb_author_info":{"display_name":"aden_admin","author_link":"https:\/\/adflow.agency\/de\/author\/"},"uagb_comment_info":0,"uagb_excerpt":"Keramisches Pr\u00e4zisions-Schr\u00e4gkugellager Abmessungen: 3,175 x 6,35 x 2,38 Zur Verwendung f\u00fcr Rotoren Midwest Quiet Air\/Tradition Lever und NSK X600\/X700, unter anderem Qualit\u00e4tsstufe: ISO P4P, ABEC 7\/9 Hergestellt in Japan","_links":{"self":[{"href":"https:\/\/adflow.agency\/de\/wp-json\/wp\/v2\/product\/13578","targetHints":{"allow":["GET"]}}],"collection":[{"href":"https:\/\/adflow.agency\/de\/wp-json\/wp\/v2\/product"}],"about":[{"href":"https:\/\/adflow.agency\/de\/wp-json\/wp\/v2\/types\/product"}],"replies":[{"embeddable":true,"href":"https:\/\/adflow.agency\/de\/wp-json\/wp\/v2\/comments?post=13578"}],"wp:featuredmedia":[{"embeddable":true,"href":"https:\/\/adflow.agency\/de\/wp-json\/wp\/v2\/media\/2328"}],"wp:attachment":[{"href":"https:\/\/adflow.agency\/de\/wp-json\/wp\/v2\/media?parent=13578"}],"wp:term":[{"taxonomy":"product_brand","embeddable":true,"href":"https:\/\/adflow.agency\/de\/wp-json\/wp\/v2\/product_brand?post=13578"},{"taxonomy":"product_cat","embeddable":true,"href":"https:\/\/adflow.agency\/de\/wp-json\/wp\/v2\/product_cat?post=13578"},{"taxonomy":"product_tag","embeddable":true,"href":"https:\/\/adflow.agency\/de\/wp-json\/wp\/v2\/product_tag?post=13578"}],"curies":[{"name":"wp","href":"https:\/\/api.w.org\/{rel}","templated":true}]}}