{"id":13579,"date":"2016-11-28T13:02:57","date_gmt":"2016-11-28T12:02:57","guid":{"rendered":"https:\/\/adflow.agency\/product\/rotor-turbine-fuer-sirona-t1-control-tc3-sn65-000\/"},"modified":"2026-02-24T11:29:40","modified_gmt":"2026-02-24T10:29:40","slug":"rotor-turbine-fuer-sirona-t1-control-tc3-sn65-000","status":"publish","type":"product","link":"https:\/\/adflow.agency\/de\/product\/rotor-turbine-fuer-sirona-t1-control-tc3-sn65-000\/","title":{"rendered":"Rotor\/Turbine f\u00fcr Sirona T1 Control TC3 [SN65 000]"},"content":{"rendered":"","protected":false},"excerpt":{"rendered":"<ul>\n<li>Kompletter Rotor\/Turbine f\u00fcr Sirona T1 Control TC3 [SN  65 000] Turbinenhandst\u00fcck<\/li>\n<li>Hergestellt mit japanischen hochpr\u00e4zisen Keramiklagern mit Schr\u00e4gkontakt<\/li>\n<li>Alternative f\u00fcr Sirona REF. 41 75 217<\/li>\n<li>Produkt wird mit 2x O-Ringen geliefert<\/li>\n<li>12 Monate Garantie<\/li>\n<li>Hergestellt in Deutschland<\/li>\n<\/ul>\n","protected":false},"featured_media":2382,"comment_status":"closed","ping_status":"closed","template":"","meta":{"inline_featured_image":false,"_uag_custom_page_level_css":""},"product_brand":[],"product_cat":[1138,1298],"product_tag":[1175],"class_list":{"0":"post-13579","1":"product","2":"type-product","3":"status-publish","4":"has-post-thumbnail","6":"product_cat-angebot","7":"product_cat-sirona-turbinen","8":"product_tag-sirona-t1-control-tc3","10":"first","11":"instock","12":"taxable","13":"shipping-taxable","14":"product-type-simple"},"acf":[],"uagb_featured_image_src":{"full":["https:\/\/adflow.agency\/wp-content\/uploads\/2016\/12\/Sirona-T1-Control.jpg",2409,2041,false],"thumbnail":["https:\/\/adflow.agency\/wp-content\/uploads\/2016\/12\/Sirona-T1-Control.jpg",236,200,false],"medium":["https:\/\/adflow.agency\/wp-content\/uploads\/2016\/12\/Sirona-T1-Control.jpg",354,300,false],"medium_large":["https:\/\/adflow.agency\/wp-content\/uploads\/2016\/12\/Sirona-T1-Control.jpg",768,651,false],"large":["https:\/\/adflow.agency\/wp-content\/uploads\/2016\/12\/Sirona-T1-Control.jpg",1416,1200,false],"1536x1536":["https:\/\/adflow.agency\/wp-content\/uploads\/2016\/12\/Sirona-T1-Control.jpg",1536,1301,false],"2048x2048":["https:\/\/adflow.agency\/wp-content\/uploads\/2016\/12\/Sirona-T1-Control.jpg",2048,1735,false],"woocommerce_thumbnail":["https:\/\/adflow.agency\/wp-content\/uploads\/2016\/12\/Sirona-T1-Control-247x247.jpg",247,247,true],"woocommerce_single":["https:\/\/adflow.agency\/wp-content\/uploads\/2016\/12\/Sirona-T1-Control.jpg",510,432,false],"woocommerce_gallery_thumbnail":["https:\/\/adflow.agency\/wp-content\/uploads\/2016\/12\/Sirona-T1-Control-100x100.jpg",100,100,true]},"uagb_author_info":{"display_name":"aden_admin","author_link":"https:\/\/adflow.agency\/de\/author\/"},"uagb_comment_info":0,"uagb_excerpt":"Kompletter Rotor\/Turbine f\u00fcr Sirona T1 Control TC3 [SN 65 000] Turbinenhandst\u00fcck Hergestellt mit japanischen hochpr\u00e4zisen Keramiklagern mit Schr\u00e4gkontakt Alternative f\u00fcr Sirona REF. 41 75 217 Produkt wird mit 2x O-Ringen geliefert 12 Monate Garantie Hergestellt in Deutschland","_links":{"self":[{"href":"https:\/\/adflow.agency\/de\/wp-json\/wp\/v2\/product\/13579","targetHints":{"allow":["GET"]}}],"collection":[{"href":"https:\/\/adflow.agency\/de\/wp-json\/wp\/v2\/product"}],"about":[{"href":"https:\/\/adflow.agency\/de\/wp-json\/wp\/v2\/types\/product"}],"replies":[{"embeddable":true,"href":"https:\/\/adflow.agency\/de\/wp-json\/wp\/v2\/comments?post=13579"}],"wp:featuredmedia":[{"embeddable":true,"href":"https:\/\/adflow.agency\/de\/wp-json\/wp\/v2\/media\/2382"}],"wp:attachment":[{"href":"https:\/\/adflow.agency\/de\/wp-json\/wp\/v2\/media?parent=13579"}],"wp:term":[{"taxonomy":"product_brand","embeddable":true,"href":"https:\/\/adflow.agency\/de\/wp-json\/wp\/v2\/product_brand?post=13579"},{"taxonomy":"product_cat","embeddable":true,"href":"https:\/\/adflow.agency\/de\/wp-json\/wp\/v2\/product_cat?post=13579"},{"taxonomy":"product_tag","embeddable":true,"href":"https:\/\/adflow.agency\/de\/wp-json\/wp\/v2\/product_tag?post=13579"}],"curies":[{"name":"wp","href":"https:\/\/api.w.org\/{rel}","templated":true}]}}