{"id":13593,"date":"2016-11-28T13:02:57","date_gmt":"2016-11-28T12:02:57","guid":{"rendered":"https:\/\/adflow.agency\/product\/keramiklager-mit-schraegkugellager-3175-x-598-635-x-278-170-gestufter-aussenring\/"},"modified":"2026-02-24T11:30:06","modified_gmt":"2026-02-24T10:30:06","slug":"keramiklager-mit-schraegkugellager-3175-x-598-635-x-278-170-gestufter-aussenring","status":"publish","type":"product","link":"https:\/\/adflow.agency\/de\/product\/keramiklager-mit-schraegkugellager-3175-x-598-635-x-278-170-gestufter-aussenring\/","title":{"rendered":"Keramiklager mit Schr\u00e4gkugellager, 3,175 x 5,98\/6,35 x 2,78\/1,70, gestufter Au\u00dfenring"},"content":{"rendered":"","protected":false},"excerpt":{"rendered":"<ul>\n<li>Keramisches Pr\u00e4zisions-Schr\u00e4gkugellager mit gestuftem Au\u00dfenring<\/li>\n<li>Abmessungen: 3,175 x 5,98\/6,35 x 2,78\/1,70<\/li>\n<li>Zur Verwendung an Rotoren KaVo 625 \/ 630 \/ 635 \/ 637 \/ 640 \/ 642 \/ 645 \/ 647 \/ 649 \/ 650, Sirona T1 Control TC3 und Midwest Tradion TB \/ TL \/ Pro TBL \/ Pro TLF, unter anderem<\/li>\n<li>Alternative f\u00fcr KaVo REF. 0.220.0125<\/li>\n<li>Qualit\u00e4tsstufe: ISO P4P, ABEC 7\/9<\/li>\n<li>Hergestellt in Japan<\/li>\n<\/ul>\n","protected":false},"featured_media":2326,"comment_status":"closed","ping_status":"closed","template":"","meta":{"inline_featured_image":false,"_uag_custom_page_level_css":""},"product_brand":[],"product_cat":[1155],"product_tag":[1280,1201,1202,1267,1263,1264,1175],"class_list":{"0":"post-13593","1":"product","2":"type-product","3":"status-publish","4":"has-post-thumbnail","6":"product_cat-lager","7":"product_tag-kavo-625-630-640","8":"product_tag-kavo-635","9":"product_tag-kavo-637","10":"product_tag-kavo-639-642-645","11":"product_tag-kavo-647-649","12":"product_tag-kavo-650","13":"product_tag-sirona-t1-control-tc3","15":"first","16":"instock","17":"taxable","18":"shipping-taxable","19":"product-type-simple"},"acf":[],"uagb_featured_image_src":{"full":["https:\/\/adflow.agency\/wp-content\/uploads\/2016\/12\/A10485-P10098.jpg",1581,1503,false],"thumbnail":["https:\/\/adflow.agency\/wp-content\/uploads\/2016\/12\/A10485-P10098.jpg",210,200,false],"medium":["https:\/\/adflow.agency\/wp-content\/uploads\/2016\/12\/A10485-P10098.jpg",316,300,false],"medium_large":["https:\/\/adflow.agency\/wp-content\/uploads\/2016\/12\/A10485-P10098.jpg",768,730,false],"large":["https:\/\/adflow.agency\/wp-content\/uploads\/2016\/12\/A10485-P10098.jpg",1262,1200,false],"1536x1536":["https:\/\/adflow.agency\/wp-content\/uploads\/2016\/12\/A10485-P10098.jpg",1536,1460,false],"2048x2048":["https:\/\/adflow.agency\/wp-content\/uploads\/2016\/12\/A10485-P10098.jpg",1581,1503,false],"woocommerce_thumbnail":["https:\/\/adflow.agency\/wp-content\/uploads\/2016\/12\/A10485-P10098-247x247.jpg",247,247,true],"woocommerce_single":["https:\/\/adflow.agency\/wp-content\/uploads\/2016\/12\/A10485-P10098.jpg",510,485,false],"woocommerce_gallery_thumbnail":["https:\/\/adflow.agency\/wp-content\/uploads\/2016\/12\/A10485-P10098-100x100.jpg",100,100,true]},"uagb_author_info":{"display_name":"aden_admin","author_link":"https:\/\/adflow.agency\/de\/author\/"},"uagb_comment_info":0,"uagb_excerpt":"Keramisches Pr\u00e4zisions-Schr\u00e4gkugellager mit gestuftem Au\u00dfenring Abmessungen: 3,175 x 5,98\/6,35 x 2,78\/1,70 Zur Verwendung an Rotoren KaVo 625 \/ 630 \/ 635 \/ 637 \/ 640 \/ 642 \/ 645 \/ 647 \/ 649 \/ 650, Sirona T1 Control TC3 und Midwest Tradion TB \/ TL \/ Pro TBL \/ Pro TLF, unter anderem Alternative f\u00fcr&hellip;","_links":{"self":[{"href":"https:\/\/adflow.agency\/de\/wp-json\/wp\/v2\/product\/13593","targetHints":{"allow":["GET"]}}],"collection":[{"href":"https:\/\/adflow.agency\/de\/wp-json\/wp\/v2\/product"}],"about":[{"href":"https:\/\/adflow.agency\/de\/wp-json\/wp\/v2\/types\/product"}],"replies":[{"embeddable":true,"href":"https:\/\/adflow.agency\/de\/wp-json\/wp\/v2\/comments?post=13593"}],"wp:featuredmedia":[{"embeddable":true,"href":"https:\/\/adflow.agency\/de\/wp-json\/wp\/v2\/media\/2326"}],"wp:attachment":[{"href":"https:\/\/adflow.agency\/de\/wp-json\/wp\/v2\/media?parent=13593"}],"wp:term":[{"taxonomy":"product_brand","embeddable":true,"href":"https:\/\/adflow.agency\/de\/wp-json\/wp\/v2\/product_brand?post=13593"},{"taxonomy":"product_cat","embeddable":true,"href":"https:\/\/adflow.agency\/de\/wp-json\/wp\/v2\/product_cat?post=13593"},{"taxonomy":"product_tag","embeddable":true,"href":"https:\/\/adflow.agency\/de\/wp-json\/wp\/v2\/product_tag?post=13593"}],"curies":[{"name":"wp","href":"https:\/\/api.w.org\/{rel}","templated":true}]}}