{"id":13597,"date":"2016-11-28T13:02:48","date_gmt":"2016-11-28T12:02:48","guid":{"rendered":"https:\/\/adflow.agency\/product\/rotor-turbine-fuer-kavo-4500-5000-und-mk-dent-hc8022-hc9022-hp22-kl\/"},"modified":"2026-02-24T11:29:53","modified_gmt":"2026-02-24T10:29:53","slug":"rotor-turbine-fuer-kavo-4500-5000-und-mk-dent-hc8022-hc9022-hp22-kl","status":"publish","type":"product","link":"https:\/\/adflow.agency\/de\/product\/rotor-turbine-fuer-kavo-4500-5000-und-mk-dent-hc8022-hc9022-hp22-kl\/","title":{"rendered":"Rotor\/Turbine f\u00fcr KaVo 4500\/5000 und MK-Dent HC8022\/HC9022\/HP22 KL"},"content":{"rendered":"","protected":false},"excerpt":{"rendered":"<ul>\n<li>Kompletter Rotor\/Turbine f\u00fcr KaVo 4500\/5000 und MK-Dent HC8022\/HC9022\/HP22 KL Turbinen-Handst\u00fccke<\/li>\n<li>Hergestellt mit deutschen Hochpr\u00e4zisions-Keramiklagern mit Schr\u00e4gkontakt<\/li>\n<li>Alternative f\u00fcr KaVo REF. 1.006.4564<\/li>\n<li>Produkt wird mit 2x O-Ringen und 2x Wellscheiben geliefert<\/li>\n<li>12 Monate Garantie<\/li>\n<li>Hergestellt in Deutschland<\/li>\n<\/ul>\n","protected":false},"featured_media":2406,"comment_status":"closed","ping_status":"closed","template":"","meta":{"inline_featured_image":false,"_uag_custom_page_level_css":""},"product_brand":[],"product_cat":[1138,1243,1177],"product_tag":[1257,961],"class_list":{"0":"post-13597","1":"product","2":"type-product","3":"status-publish","4":"has-post-thumbnail","6":"product_cat-angebot","7":"product_cat-kavo-turbinen","8":"product_cat-mk-dent-turbinen","9":"product_tag-kavo-4500-5000","10":"product_tag-mk-dent-hc8022-hc9022-de","12":"first","13":"instock","14":"taxable","15":"shipping-taxable","16":"product-type-simple"},"acf":[],"uagb_featured_image_src":{"full":["https:\/\/adflow.agency\/wp-content\/uploads\/2016\/12\/Ca-K45-front.jpg",2280,1920,false],"thumbnail":["https:\/\/adflow.agency\/wp-content\/uploads\/2016\/12\/Ca-K45-front.jpg",238,200,false],"medium":["https:\/\/adflow.agency\/wp-content\/uploads\/2016\/12\/Ca-K45-front.jpg",356,300,false],"medium_large":["https:\/\/adflow.agency\/wp-content\/uploads\/2016\/12\/Ca-K45-front.jpg",768,647,false],"large":["https:\/\/adflow.agency\/wp-content\/uploads\/2016\/12\/Ca-K45-front.jpg",1425,1200,false],"1536x1536":["https:\/\/adflow.agency\/wp-content\/uploads\/2016\/12\/Ca-K45-front.jpg",1536,1293,false],"2048x2048":["https:\/\/adflow.agency\/wp-content\/uploads\/2016\/12\/Ca-K45-front.jpg",2048,1725,false],"woocommerce_thumbnail":["https:\/\/adflow.agency\/wp-content\/uploads\/2016\/12\/Ca-K45-front-247x247.jpg",247,247,true],"woocommerce_single":["https:\/\/adflow.agency\/wp-content\/uploads\/2016\/12\/Ca-K45-front.jpg",510,429,false],"woocommerce_gallery_thumbnail":["https:\/\/adflow.agency\/wp-content\/uploads\/2016\/12\/Ca-K45-front-100x100.jpg",100,100,true]},"uagb_author_info":{"display_name":"aden_admin","author_link":"https:\/\/adflow.agency\/de\/author\/"},"uagb_comment_info":0,"uagb_excerpt":"Kompletter Rotor\/Turbine f\u00fcr KaVo 4500\/5000 und MK-Dent HC8022\/HC9022\/HP22 KL Turbinen-Handst\u00fccke Hergestellt mit deutschen Hochpr\u00e4zisions-Keramiklagern mit Schr\u00e4gkontakt Alternative f\u00fcr KaVo REF. 1.006.4564 Produkt wird mit 2x O-Ringen und 2x Wellscheiben geliefert 12 Monate Garantie Hergestellt in Deutschland","_links":{"self":[{"href":"https:\/\/adflow.agency\/de\/wp-json\/wp\/v2\/product\/13597","targetHints":{"allow":["GET"]}}],"collection":[{"href":"https:\/\/adflow.agency\/de\/wp-json\/wp\/v2\/product"}],"about":[{"href":"https:\/\/adflow.agency\/de\/wp-json\/wp\/v2\/types\/product"}],"replies":[{"embeddable":true,"href":"https:\/\/adflow.agency\/de\/wp-json\/wp\/v2\/comments?post=13597"}],"wp:featuredmedia":[{"embeddable":true,"href":"https:\/\/adflow.agency\/de\/wp-json\/wp\/v2\/media\/2406"}],"wp:attachment":[{"href":"https:\/\/adflow.agency\/de\/wp-json\/wp\/v2\/media?parent=13597"}],"wp:term":[{"taxonomy":"product_brand","embeddable":true,"href":"https:\/\/adflow.agency\/de\/wp-json\/wp\/v2\/product_brand?post=13597"},{"taxonomy":"product_cat","embeddable":true,"href":"https:\/\/adflow.agency\/de\/wp-json\/wp\/v2\/product_cat?post=13597"},{"taxonomy":"product_tag","embeddable":true,"href":"https:\/\/adflow.agency\/de\/wp-json\/wp\/v2\/product_tag?post=13597"}],"curies":[{"name":"wp","href":"https:\/\/api.w.org\/{rel}","templated":true}]}}