{"id":13627,"date":"2016-11-28T13:02:33","date_gmt":"2016-11-28T12:02:33","guid":{"rendered":"https:\/\/adflow.agency\/product\/rotor-turbine-fuer-kavo-625-630-640-und-mk-dent-hc2022-hc4021-hc5021-hc6021\/"},"modified":"2026-02-24T11:32:07","modified_gmt":"2026-02-24T10:32:07","slug":"rotor-turbine-fuer-kavo-625-630-640-und-mk-dent-hc2022-hc4021-hc5021-hc6021","status":"publish","type":"product","link":"https:\/\/adflow.agency\/de\/product\/rotor-turbine-fuer-kavo-625-630-640-und-mk-dent-hc2022-hc4021-hc5021-hc6021\/","title":{"rendered":"Rotor\/Turbine f\u00fcr KaVo 625\/630\/640 und MK-Dent HC2022\/HC4021\/HC5021\/HC6021"},"content":{"rendered":"","protected":false},"excerpt":{"rendered":"<ul>\n<li>Kompletter Rotor\/Turbine f\u00fcr KaVo 625\/630\/640 und MK-Dent HC2022\/HC4021 (SN&gt;E) \/HC5021\/HC6021 Turbinen-Handst\u00fccke<\/li>\n<li>Hergestellt mit japanischen Hochpr\u00e4zisions-Keramik-Schr\u00e4gkugellagern<\/li>\n<li>Alternative f\u00fcr KaVo REF. 0.553.5881<\/li>\n<li>Produkt wird mit 2 x O-Ringen geliefert<\/li>\n<li>12 Monate Garantie<\/li>\n<li>Hergestellt in Deutschland<\/li>\n<\/ul>\n","protected":false},"featured_media":2404,"comment_status":"closed","ping_status":"closed","template":"","meta":{"inline_featured_image":false,"_uag_custom_page_level_css":""},"product_brand":[],"product_cat":[1138,1243,1177],"product_tag":[1280,1322],"class_list":{"0":"post-13627","1":"product","2":"type-product","3":"status-publish","4":"has-post-thumbnail","6":"product_cat-angebot","7":"product_cat-kavo-turbinen","8":"product_cat-mk-dent-turbinen","9":"product_tag-kavo-625-630-640","10":"product_tag-mk-dent-hc2022-hc4021-hc5021-hc6021","12":"first","13":"instock","14":"taxable","15":"shipping-taxable","16":"product-type-simple"},"acf":[],"uagb_featured_image_src":{"full":["https:\/\/adflow.agency\/wp-content\/uploads\/2016\/12\/k630-Ca-front.jpg",2364,1971,false],"thumbnail":["https:\/\/adflow.agency\/wp-content\/uploads\/2016\/12\/k630-Ca-front.jpg",240,200,false],"medium":["https:\/\/adflow.agency\/wp-content\/uploads\/2016\/12\/k630-Ca-front.jpg",360,300,false],"medium_large":["https:\/\/adflow.agency\/wp-content\/uploads\/2016\/12\/k630-Ca-front.jpg",768,640,false],"large":["https:\/\/adflow.agency\/wp-content\/uploads\/2016\/12\/k630-Ca-front.jpg",1439,1200,false],"1536x1536":["https:\/\/adflow.agency\/wp-content\/uploads\/2016\/12\/k630-Ca-front.jpg",1536,1281,false],"2048x2048":["https:\/\/adflow.agency\/wp-content\/uploads\/2016\/12\/k630-Ca-front.jpg",2048,1708,false],"woocommerce_thumbnail":["https:\/\/adflow.agency\/wp-content\/uploads\/2016\/12\/k630-Ca-front-247x247.jpg",247,247,true],"woocommerce_single":["https:\/\/adflow.agency\/wp-content\/uploads\/2016\/12\/k630-Ca-front.jpg",510,425,false],"woocommerce_gallery_thumbnail":["https:\/\/adflow.agency\/wp-content\/uploads\/2016\/12\/k630-Ca-front-100x100.jpg",100,100,true]},"uagb_author_info":{"display_name":"aden_admin","author_link":"https:\/\/adflow.agency\/de\/author\/"},"uagb_comment_info":0,"uagb_excerpt":"Kompletter Rotor\/Turbine f\u00fcr KaVo 625\/630\/640 und MK-Dent HC2022\/HC4021 (SN&gt;E) \/HC5021\/HC6021 Turbinen-Handst\u00fccke Hergestellt mit japanischen Hochpr\u00e4zisions-Keramik-Schr\u00e4gkugellagern Alternative f\u00fcr KaVo REF. 0.553.5881 Produkt wird mit 2 x O-Ringen geliefert 12 Monate Garantie Hergestellt in Deutschland","_links":{"self":[{"href":"https:\/\/adflow.agency\/de\/wp-json\/wp\/v2\/product\/13627","targetHints":{"allow":["GET"]}}],"collection":[{"href":"https:\/\/adflow.agency\/de\/wp-json\/wp\/v2\/product"}],"about":[{"href":"https:\/\/adflow.agency\/de\/wp-json\/wp\/v2\/types\/product"}],"replies":[{"embeddable":true,"href":"https:\/\/adflow.agency\/de\/wp-json\/wp\/v2\/comments?post=13627"}],"wp:featuredmedia":[{"embeddable":true,"href":"https:\/\/adflow.agency\/de\/wp-json\/wp\/v2\/media\/2404"}],"wp:attachment":[{"href":"https:\/\/adflow.agency\/de\/wp-json\/wp\/v2\/media?parent=13627"}],"wp:term":[{"taxonomy":"product_brand","embeddable":true,"href":"https:\/\/adflow.agency\/de\/wp-json\/wp\/v2\/product_brand?post=13627"},{"taxonomy":"product_cat","embeddable":true,"href":"https:\/\/adflow.agency\/de\/wp-json\/wp\/v2\/product_cat?post=13627"},{"taxonomy":"product_tag","embeddable":true,"href":"https:\/\/adflow.agency\/de\/wp-json\/wp\/v2\/product_tag?post=13627"}],"curies":[{"name":"wp","href":"https:\/\/api.w.org\/{rel}","templated":true}]}}