{"id":13630,"date":"2016-11-28T13:02:41","date_gmt":"2016-11-28T12:02:41","guid":{"rendered":"https:\/\/adflow.agency\/product\/radiales-keramik-kugellager-3175-x-635-526-x-190-272-verlaengerter-innenring\/"},"modified":"2026-02-24T11:32:14","modified_gmt":"2026-02-24T10:32:14","slug":"radiales-keramik-kugellager-3175-x-635-526-x-190-272-verlaengerter-innenring","status":"publish","type":"product","link":"https:\/\/adflow.agency\/de\/product\/radiales-keramik-kugellager-3175-x-635-526-x-190-272-verlaengerter-innenring\/","title":{"rendered":"Radiales Keramik-Kugellager, 3,175 x 6,35\/5,26 x 1,90\/2,72, verl\u00e4ngerter Innenring"},"content":{"rendered":"","protected":false},"excerpt":{"rendered":"<ul>\n<li>Radiales Keramik-Pr\u00e4zisionskugellager mit verl\u00e4ngertem Innenring<\/li>\n<li>Abmessungen: 3,175 x 6,35\/5,26 x 1,90\/2,72<\/li>\n<li>Unter anderem f\u00fcr Kartusche KaVo 25LP(A) zu verwenden<\/li>\n<li>Alternative f\u00fcr KaVo REF. 1.001.3167<\/li>\n<li>Qualit\u00e4tsstufe: ISO P4P, ABEC 7\/9<\/li>\n<li>Hergestellt in Deutschland<\/li>\n<\/ul>\n","protected":false},"featured_media":2602,"comment_status":"closed","ping_status":"closed","template":"","meta":{"inline_featured_image":false,"_uag_custom_page_level_css":""},"product_brand":[],"product_cat":[1155],"product_tag":[],"class_list":{"0":"post-13630","1":"product","2":"type-product","3":"status-publish","4":"has-post-thumbnail","6":"product_cat-lager","8":"first","9":"instock","10":"taxable","11":"shipping-taxable","12":"product-type-simple"},"acf":[],"uagb_featured_image_src":{"full":["https:\/\/adflow.agency\/wp-content\/uploads\/2016\/12\/A10326.0-P10088.jpg",1908,1734,false],"thumbnail":["https:\/\/adflow.agency\/wp-content\/uploads\/2016\/12\/A10326.0-P10088.jpg",220,200,false],"medium":["https:\/\/adflow.agency\/wp-content\/uploads\/2016\/12\/A10326.0-P10088.jpg",330,300,false],"medium_large":["https:\/\/adflow.agency\/wp-content\/uploads\/2016\/12\/A10326.0-P10088.jpg",768,698,false],"large":["https:\/\/adflow.agency\/wp-content\/uploads\/2016\/12\/A10326.0-P10088.jpg",1320,1200,false],"1536x1536":["https:\/\/adflow.agency\/wp-content\/uploads\/2016\/12\/A10326.0-P10088.jpg",1536,1396,false],"2048x2048":["https:\/\/adflow.agency\/wp-content\/uploads\/2016\/12\/A10326.0-P10088.jpg",1908,1734,false],"woocommerce_thumbnail":["https:\/\/adflow.agency\/wp-content\/uploads\/2016\/12\/A10326.0-P10088-247x247.jpg",247,247,true],"woocommerce_single":["https:\/\/adflow.agency\/wp-content\/uploads\/2016\/12\/A10326.0-P10088.jpg",510,463,false],"woocommerce_gallery_thumbnail":["https:\/\/adflow.agency\/wp-content\/uploads\/2016\/12\/A10326.0-P10088-100x100.jpg",100,100,true]},"uagb_author_info":{"display_name":"aden_admin","author_link":"https:\/\/adflow.agency\/de\/author\/"},"uagb_comment_info":0,"uagb_excerpt":"Radiales Keramik-Pr\u00e4zisionskugellager mit verl\u00e4ngertem Innenring Abmessungen: 3,175 x 6,35\/5,26 x 1,90\/2,72 Unter anderem f\u00fcr Kartusche KaVo 25LP(A) zu verwenden Alternative f\u00fcr KaVo REF. 1.001.3167 Qualit\u00e4tsstufe: ISO P4P, ABEC 7\/9 Hergestellt in Deutschland","_links":{"self":[{"href":"https:\/\/adflow.agency\/de\/wp-json\/wp\/v2\/product\/13630","targetHints":{"allow":["GET"]}}],"collection":[{"href":"https:\/\/adflow.agency\/de\/wp-json\/wp\/v2\/product"}],"about":[{"href":"https:\/\/adflow.agency\/de\/wp-json\/wp\/v2\/types\/product"}],"replies":[{"embeddable":true,"href":"https:\/\/adflow.agency\/de\/wp-json\/wp\/v2\/comments?post=13630"}],"wp:featuredmedia":[{"embeddable":true,"href":"https:\/\/adflow.agency\/de\/wp-json\/wp\/v2\/media\/2602"}],"wp:attachment":[{"href":"https:\/\/adflow.agency\/de\/wp-json\/wp\/v2\/media?parent=13630"}],"wp:term":[{"taxonomy":"product_brand","embeddable":true,"href":"https:\/\/adflow.agency\/de\/wp-json\/wp\/v2\/product_brand?post=13630"},{"taxonomy":"product_cat","embeddable":true,"href":"https:\/\/adflow.agency\/de\/wp-json\/wp\/v2\/product_cat?post=13630"},{"taxonomy":"product_tag","embeddable":true,"href":"https:\/\/adflow.agency\/de\/wp-json\/wp\/v2\/product_tag?post=13630"}],"curies":[{"name":"wp","href":"https:\/\/api.w.org\/{rel}","templated":true}]}}