{"id":13639,"date":"2016-11-28T13:02:33","date_gmt":"2016-11-28T12:02:33","guid":{"rendered":"https:\/\/adflow.agency\/product\/10er-packung-o-ringe-60-x-11\/"},"modified":"2026-02-24T11:32:03","modified_gmt":"2026-02-24T10:32:03","slug":"10er-packung-o-ringe-60-x-11","status":"publish","type":"product","link":"https:\/\/adflow.agency\/de\/product\/10er-packung-o-ringe-60-x-11\/","title":{"rendered":"10er-Packung O-Ringe, 6,0 x 1,1"},"content":{"rendered":"","protected":false},"excerpt":{"rendered":"<ul>\n<li>10er-Packung O-Ringe f\u00fcr KaVo, NSK und Sirona Turbinenhandst\u00fccke, u.a.<\/li>\n<li>Abmessungen: 6,0 x 1,1<\/li>\n<li>Alternative f\u00fcr KaVo REF. 0.200.6172<\/li>\n<\/ul>\n","protected":false},"featured_media":2418,"comment_status":"closed","ping_status":"closed","template":"","meta":{"inline_featured_image":false,"_uag_custom_page_level_css":""},"product_brand":[],"product_cat":[1168],"product_tag":[1257,1245,1280,1201,1202,1267,1263,1264,1229,1251,1246,1230,1186,1193,1175],"class_list":{"0":"post-13639","1":"product","2":"type-product","3":"status-publish","4":"has-post-thumbnail","6":"product_cat-o-ringe-zubehorprodukte-nach-kategorie-neu","7":"product_tag-kavo-4500-5000","8":"product_tag-kavo-6000","9":"product_tag-kavo-625-630-640","10":"product_tag-kavo-635","11":"product_tag-kavo-637","12":"product_tag-kavo-639-642-645","13":"product_tag-kavo-647-649","14":"product_tag-kavo-650","15":"product_tag-kavo-6500","16":"product_tag-kavo-655-660","17":"product_tag-kavo-7000","18":"product_tag-kavo-8000","19":"product_tag-kavo-e679-e680","20":"product_tag-nsk-x600","21":"product_tag-sirona-t1-control-tc3","23":"first","24":"instock","25":"taxable","26":"shipping-taxable","27":"product-type-simple"},"acf":[],"uagb_featured_image_src":{"full":["https:\/\/adflow.agency\/wp-content\/uploads\/2016\/12\/A10271.0-o-ring-KaVo.jpg",1920,1770,false],"thumbnail":["https:\/\/adflow.agency\/wp-content\/uploads\/2016\/12\/A10271.0-o-ring-KaVo.jpg",217,200,false],"medium":["https:\/\/adflow.agency\/wp-content\/uploads\/2016\/12\/A10271.0-o-ring-KaVo.jpg",325,300,false],"medium_large":["https:\/\/adflow.agency\/wp-content\/uploads\/2016\/12\/A10271.0-o-ring-KaVo.jpg",768,708,false],"large":["https:\/\/adflow.agency\/wp-content\/uploads\/2016\/12\/A10271.0-o-ring-KaVo.jpg",1302,1200,false],"1536x1536":["https:\/\/adflow.agency\/wp-content\/uploads\/2016\/12\/A10271.0-o-ring-KaVo.jpg",1536,1416,false],"2048x2048":["https:\/\/adflow.agency\/wp-content\/uploads\/2016\/12\/A10271.0-o-ring-KaVo.jpg",1920,1770,false],"woocommerce_thumbnail":["https:\/\/adflow.agency\/wp-content\/uploads\/2016\/12\/A10271.0-o-ring-KaVo-247x247.jpg",247,247,true],"woocommerce_single":["https:\/\/adflow.agency\/wp-content\/uploads\/2016\/12\/A10271.0-o-ring-KaVo.jpg",510,470,false],"woocommerce_gallery_thumbnail":["https:\/\/adflow.agency\/wp-content\/uploads\/2016\/12\/A10271.0-o-ring-KaVo-100x100.jpg",100,100,true]},"uagb_author_info":{"display_name":"aden_admin","author_link":"https:\/\/adflow.agency\/de\/author\/"},"uagb_comment_info":0,"uagb_excerpt":"10er-Packung O-Ringe f\u00fcr KaVo, NSK und Sirona Turbinenhandst\u00fccke, u.a. Abmessungen: 6,0 x 1,1 Alternative f\u00fcr KaVo REF. 0.200.6172","_links":{"self":[{"href":"https:\/\/adflow.agency\/de\/wp-json\/wp\/v2\/product\/13639","targetHints":{"allow":["GET"]}}],"collection":[{"href":"https:\/\/adflow.agency\/de\/wp-json\/wp\/v2\/product"}],"about":[{"href":"https:\/\/adflow.agency\/de\/wp-json\/wp\/v2\/types\/product"}],"replies":[{"embeddable":true,"href":"https:\/\/adflow.agency\/de\/wp-json\/wp\/v2\/comments?post=13639"}],"wp:featuredmedia":[{"embeddable":true,"href":"https:\/\/adflow.agency\/de\/wp-json\/wp\/v2\/media\/2418"}],"wp:attachment":[{"href":"https:\/\/adflow.agency\/de\/wp-json\/wp\/v2\/media?parent=13639"}],"wp:term":[{"taxonomy":"product_brand","embeddable":true,"href":"https:\/\/adflow.agency\/de\/wp-json\/wp\/v2\/product_brand?post=13639"},{"taxonomy":"product_cat","embeddable":true,"href":"https:\/\/adflow.agency\/de\/wp-json\/wp\/v2\/product_cat?post=13639"},{"taxonomy":"product_tag","embeddable":true,"href":"https:\/\/adflow.agency\/de\/wp-json\/wp\/v2\/product_tag?post=13639"}],"curies":[{"name":"wp","href":"https:\/\/api.w.org\/{rel}","templated":true}]}}