{"id":13646,"date":"2016-11-28T13:02:33","date_gmt":"2016-11-28T12:02:33","guid":{"rendered":"https:\/\/adflow.agency\/product\/rotor-turbine-fuer-kavo-650\/"},"modified":"2026-02-24T11:32:06","modified_gmt":"2026-02-24T10:32:06","slug":"rotor-turbine-fuer-kavo-650","status":"publish","type":"product","link":"https:\/\/adflow.agency\/de\/product\/rotor-turbine-fuer-kavo-650\/","title":{"rendered":"Rotor\/Turbine f\u00fcr KaVo 650"},"content":{"rendered":"","protected":false},"excerpt":{"rendered":"<ul>\n<li>Kompletter Rotor\/Turbine f\u00fcr KaVo 650 Turbinen-Handst\u00fcck<\/li>\n<li>Hergestellt mit japanischen Hochpr\u00e4zisions-Keramik-Schr\u00e4gkugellagern<\/li>\n<li>Alternative f\u00fcr KaVo REF. 0.553.8051<\/li>\n<li>Produkt wird mit 2x O-Ringen geliefert<\/li>\n<li>12 Monate Garantie<\/li>\n<li>Hergestellt in Deutschland<\/li>\n<\/ul>\n","protected":false},"featured_media":282,"comment_status":"closed","ping_status":"closed","template":"","meta":{"inline_featured_image":false,"_uag_custom_page_level_css":""},"product_brand":[],"product_cat":[1138,1243],"product_tag":[1264],"class_list":{"0":"post-13646","1":"product","2":"type-product","3":"status-publish","4":"has-post-thumbnail","6":"product_cat-angebot","7":"product_cat-kavo-turbinen","8":"product_tag-kavo-650","10":"first","11":"instock","12":"taxable","13":"shipping-taxable","14":"product-type-simple"},"acf":[],"uagb_featured_image_src":{"full":["https:\/\/adflow.agency\/wp-content\/uploads\/2016\/09\/Ca-K650-front.jpg",2472,1988,false],"thumbnail":["https:\/\/adflow.agency\/wp-content\/uploads\/2016\/09\/Ca-K650-front.jpg",250,200,false],"medium":["https:\/\/adflow.agency\/wp-content\/uploads\/2016\/09\/Ca-K650-front.jpg",373,300,false],"medium_large":["https:\/\/adflow.agency\/wp-content\/uploads\/2016\/09\/Ca-K650-front.jpg",768,618,false],"large":["https:\/\/adflow.agency\/wp-content\/uploads\/2016\/09\/Ca-K650-front.jpg",1492,1200,false],"1536x1536":["https:\/\/adflow.agency\/wp-content\/uploads\/2016\/09\/Ca-K650-front.jpg",1536,1235,false],"2048x2048":["https:\/\/adflow.agency\/wp-content\/uploads\/2016\/09\/Ca-K650-front.jpg",2048,1647,false],"woocommerce_thumbnail":["https:\/\/adflow.agency\/wp-content\/uploads\/2016\/09\/Ca-K650-front-247x247.jpg",247,247,true],"woocommerce_single":["https:\/\/adflow.agency\/wp-content\/uploads\/2016\/09\/Ca-K650-front.jpg",510,410,false],"woocommerce_gallery_thumbnail":["https:\/\/adflow.agency\/wp-content\/uploads\/2016\/09\/Ca-K650-front-100x100.jpg",100,100,true]},"uagb_author_info":{"display_name":"aden_admin","author_link":"https:\/\/adflow.agency\/de\/author\/"},"uagb_comment_info":0,"uagb_excerpt":"Kompletter Rotor\/Turbine f\u00fcr KaVo 650 Turbinen-Handst\u00fcck Hergestellt mit japanischen Hochpr\u00e4zisions-Keramik-Schr\u00e4gkugellagern Alternative f\u00fcr KaVo REF. 0.553.8051 Produkt wird mit 2x O-Ringen geliefert 12 Monate Garantie Hergestellt in Deutschland","_links":{"self":[{"href":"https:\/\/adflow.agency\/de\/wp-json\/wp\/v2\/product\/13646","targetHints":{"allow":["GET"]}}],"collection":[{"href":"https:\/\/adflow.agency\/de\/wp-json\/wp\/v2\/product"}],"about":[{"href":"https:\/\/adflow.agency\/de\/wp-json\/wp\/v2\/types\/product"}],"replies":[{"embeddable":true,"href":"https:\/\/adflow.agency\/de\/wp-json\/wp\/v2\/comments?post=13646"}],"wp:featuredmedia":[{"embeddable":true,"href":"https:\/\/adflow.agency\/de\/wp-json\/wp\/v2\/media\/282"}],"wp:attachment":[{"href":"https:\/\/adflow.agency\/de\/wp-json\/wp\/v2\/media?parent=13646"}],"wp:term":[{"taxonomy":"product_brand","embeddable":true,"href":"https:\/\/adflow.agency\/de\/wp-json\/wp\/v2\/product_brand?post=13646"},{"taxonomy":"product_cat","embeddable":true,"href":"https:\/\/adflow.agency\/de\/wp-json\/wp\/v2\/product_cat?post=13646"},{"taxonomy":"product_tag","embeddable":true,"href":"https:\/\/adflow.agency\/de\/wp-json\/wp\/v2\/product_tag?post=13646"}],"curies":[{"name":"wp","href":"https:\/\/api.w.org\/{rel}","templated":true}]}}