{"id":13649,"date":"2016-11-28T13:02:24","date_gmt":"2016-11-28T12:02:24","guid":{"rendered":"https:\/\/adflow.agency\/product\/kopfrotor-kartusche-fuer-bien-air-1-5l\/"},"modified":"2026-02-24T11:31:53","modified_gmt":"2026-02-24T10:31:53","slug":"kopfrotor-kartusche-fuer-bien-air-1-5l","status":"publish","type":"product","link":"https:\/\/adflow.agency\/de\/product\/kopfrotor-kartusche-fuer-bien-air-1-5l\/","title":{"rendered":"Kopfrotor\/Kartusche f\u00fcr Bien Air 1.5L"},"content":{"rendered":"","protected":false},"excerpt":{"rendered":"<ul>\n<li>Kompletter Kopfgetriebe-Rotor\/Kartusche f\u00fcr Bien Air 1.5L Winkelst\u00fcck<\/li>\n<li>Hergestellt mit hochpr\u00e4zisen radialen Keramiklagern<\/li>\n<li>Alternative f\u00fcr Bien Air REF. 1501933<\/li>\n<li>Jede Kartusche wird gr\u00fcndlich in einem Handst\u00fcck getestet<\/li>\n<li>Produkt wird mit 2 x O-Ringen, 1 x Wellscheibe und 1 x Distanzscheibe geliefert<\/li>\n<li>12 Monate Garantie<\/li>\n<li>Hergestellt in Deutschland<\/li>\n<\/ul>\n","protected":false},"featured_media":2368,"comment_status":"closed","ping_status":"closed","template":"","meta":{"inline_featured_image":false,"_uag_custom_page_level_css":""},"product_brand":[],"product_cat":[1169],"product_tag":[1233],"class_list":{"0":"post-13649","1":"product","2":"type-product","3":"status-publish","4":"has-post-thumbnail","6":"product_cat-bien-air-rotoren-cartridges","7":"product_tag-bien-air-15-l","9":"first","10":"instock","11":"taxable","12":"shipping-taxable","13":"product-type-simple"},"acf":[],"uagb_featured_image_src":{"full":["https:\/\/adflow.agency\/wp-content\/uploads\/2016\/12\/Bien-Air-1.5L.jpg",2268,1984,false],"thumbnail":["https:\/\/adflow.agency\/wp-content\/uploads\/2016\/12\/Bien-Air-1.5L.jpg",229,200,false],"medium":["https:\/\/adflow.agency\/wp-content\/uploads\/2016\/12\/Bien-Air-1.5L.jpg",343,300,false],"medium_large":["https:\/\/adflow.agency\/wp-content\/uploads\/2016\/12\/Bien-Air-1.5L.jpg",768,672,false],"large":["https:\/\/adflow.agency\/wp-content\/uploads\/2016\/12\/Bien-Air-1.5L.jpg",1372,1200,false],"1536x1536":["https:\/\/adflow.agency\/wp-content\/uploads\/2016\/12\/Bien-Air-1.5L.jpg",1536,1344,false],"2048x2048":["https:\/\/adflow.agency\/wp-content\/uploads\/2016\/12\/Bien-Air-1.5L.jpg",2048,1792,false],"woocommerce_thumbnail":["https:\/\/adflow.agency\/wp-content\/uploads\/2016\/12\/Bien-Air-1.5L-247x247.jpg",247,247,true],"woocommerce_single":["https:\/\/adflow.agency\/wp-content\/uploads\/2016\/12\/Bien-Air-1.5L.jpg",510,446,false],"woocommerce_gallery_thumbnail":["https:\/\/adflow.agency\/wp-content\/uploads\/2016\/12\/Bien-Air-1.5L-100x100.jpg",100,100,true]},"uagb_author_info":{"display_name":"aden_admin","author_link":"https:\/\/adflow.agency\/de\/author\/"},"uagb_comment_info":0,"uagb_excerpt":"Kompletter Kopfgetriebe-Rotor\/Kartusche f\u00fcr Bien Air 1.5L Winkelst\u00fcck Hergestellt mit hochpr\u00e4zisen radialen Keramiklagern Alternative f\u00fcr Bien Air REF. 1501933 Jede Kartusche wird gr\u00fcndlich in einem Handst\u00fcck getestet Produkt wird mit 2 x O-Ringen, 1 x Wellscheibe und 1 x Distanzscheibe geliefert 12 Monate Garantie Hergestellt in Deutschland","_links":{"self":[{"href":"https:\/\/adflow.agency\/de\/wp-json\/wp\/v2\/product\/13649","targetHints":{"allow":["GET"]}}],"collection":[{"href":"https:\/\/adflow.agency\/de\/wp-json\/wp\/v2\/product"}],"about":[{"href":"https:\/\/adflow.agency\/de\/wp-json\/wp\/v2\/types\/product"}],"replies":[{"embeddable":true,"href":"https:\/\/adflow.agency\/de\/wp-json\/wp\/v2\/comments?post=13649"}],"wp:featuredmedia":[{"embeddable":true,"href":"https:\/\/adflow.agency\/de\/wp-json\/wp\/v2\/media\/2368"}],"wp:attachment":[{"href":"https:\/\/adflow.agency\/de\/wp-json\/wp\/v2\/media?parent=13649"}],"wp:term":[{"taxonomy":"product_brand","embeddable":true,"href":"https:\/\/adflow.agency\/de\/wp-json\/wp\/v2\/product_brand?post=13649"},{"taxonomy":"product_cat","embeddable":true,"href":"https:\/\/adflow.agency\/de\/wp-json\/wp\/v2\/product_cat?post=13649"},{"taxonomy":"product_tag","embeddable":true,"href":"https:\/\/adflow.agency\/de\/wp-json\/wp\/v2\/product_tag?post=13649"}],"curies":[{"name":"wp","href":"https:\/\/api.w.org\/{rel}","templated":true}]}}