{"id":13650,"date":"2016-11-28T13:02:24","date_gmt":"2016-11-28T12:02:24","guid":{"rendered":"https:\/\/adflow.agency\/product\/kopfrotor-kartusche-fuer-kavo-25lha-25ln\/"},"modified":"2026-02-24T11:31:57","modified_gmt":"2026-02-24T10:31:57","slug":"kopfrotor-kartusche-fuer-kavo-25lha-25ln","status":"publish","type":"product","link":"https:\/\/adflow.agency\/de\/product\/kopfrotor-kartusche-fuer-kavo-25lha-25ln\/","title":{"rendered":"Kopfrotor\/Kartusche f\u00fcr KaVo 25LH(A)\/25LN"},"content":{"rendered":"","protected":false},"excerpt":{"rendered":"<ul>\n<li>Kompletter Kopfgetrieberotor\/Kartusche f\u00fcr KaVo 25LH(A) \/ 25LN Winkelst\u00fcck<\/li>\n<li>Hergestellt mit deutschen Hochpr\u00e4zisions-Keramik-Radiallager<\/li>\n<li>Alternative f\u00fcr KaVo REF. 0.553.7341 \/ 1.002.4748<\/li>\n<li>Jede Kartusche wird gr\u00fcndlich in einem Handst\u00fcck getestet<\/li>\n<li>12 Monate Garantie<\/li>\n<li>Hergestellt in Deutschland<\/li>\n<\/ul>\n","protected":false},"featured_media":2366,"comment_status":"closed","ping_status":"closed","template":"","meta":{"inline_featured_image":false,"_uag_custom_page_level_css":""},"product_brand":[],"product_cat":[1157],"product_tag":[1209],"class_list":{"0":"post-13650","1":"product","2":"type-product","3":"status-publish","4":"has-post-thumbnail","6":"product_cat-kavo-rotoren-cartridges","7":"product_tag-kavo-25lh-a-c-n","9":"first","10":"instock","11":"taxable","12":"shipping-taxable","13":"product-type-simple"},"acf":[],"uagb_featured_image_src":{"full":["https:\/\/adflow.agency\/wp-content\/uploads\/2016\/12\/KaVo-25LH-back-left_1.jpg",2409,2041,false],"thumbnail":["https:\/\/adflow.agency\/wp-content\/uploads\/2016\/12\/KaVo-25LH-back-left_1.jpg",236,200,false],"medium":["https:\/\/adflow.agency\/wp-content\/uploads\/2016\/12\/KaVo-25LH-back-left_1.jpg",354,300,false],"medium_large":["https:\/\/adflow.agency\/wp-content\/uploads\/2016\/12\/KaVo-25LH-back-left_1.jpg",768,651,false],"large":["https:\/\/adflow.agency\/wp-content\/uploads\/2016\/12\/KaVo-25LH-back-left_1.jpg",1416,1200,false],"1536x1536":["https:\/\/adflow.agency\/wp-content\/uploads\/2016\/12\/KaVo-25LH-back-left_1.jpg",1536,1301,false],"2048x2048":["https:\/\/adflow.agency\/wp-content\/uploads\/2016\/12\/KaVo-25LH-back-left_1.jpg",2048,1735,false],"woocommerce_thumbnail":["https:\/\/adflow.agency\/wp-content\/uploads\/2016\/12\/KaVo-25LH-back-left_1-247x247.jpg",247,247,true],"woocommerce_single":["https:\/\/adflow.agency\/wp-content\/uploads\/2016\/12\/KaVo-25LH-back-left_1.jpg",510,432,false],"woocommerce_gallery_thumbnail":["https:\/\/adflow.agency\/wp-content\/uploads\/2016\/12\/KaVo-25LH-back-left_1-100x100.jpg",100,100,true]},"uagb_author_info":{"display_name":"aden_admin","author_link":"https:\/\/adflow.agency\/de\/author\/"},"uagb_comment_info":0,"uagb_excerpt":"Kompletter Kopfgetrieberotor\/Kartusche f\u00fcr KaVo 25LH(A) \/ 25LN Winkelst\u00fcck Hergestellt mit deutschen Hochpr\u00e4zisions-Keramik-Radiallager Alternative f\u00fcr KaVo REF. 0.553.7341 \/ 1.002.4748 Jede Kartusche wird gr\u00fcndlich in einem Handst\u00fcck getestet 12 Monate Garantie Hergestellt in Deutschland","_links":{"self":[{"href":"https:\/\/adflow.agency\/de\/wp-json\/wp\/v2\/product\/13650","targetHints":{"allow":["GET"]}}],"collection":[{"href":"https:\/\/adflow.agency\/de\/wp-json\/wp\/v2\/product"}],"about":[{"href":"https:\/\/adflow.agency\/de\/wp-json\/wp\/v2\/types\/product"}],"replies":[{"embeddable":true,"href":"https:\/\/adflow.agency\/de\/wp-json\/wp\/v2\/comments?post=13650"}],"wp:featuredmedia":[{"embeddable":true,"href":"https:\/\/adflow.agency\/de\/wp-json\/wp\/v2\/media\/2366"}],"wp:attachment":[{"href":"https:\/\/adflow.agency\/de\/wp-json\/wp\/v2\/media?parent=13650"}],"wp:term":[{"taxonomy":"product_brand","embeddable":true,"href":"https:\/\/adflow.agency\/de\/wp-json\/wp\/v2\/product_brand?post=13650"},{"taxonomy":"product_cat","embeddable":true,"href":"https:\/\/adflow.agency\/de\/wp-json\/wp\/v2\/product_cat?post=13650"},{"taxonomy":"product_tag","embeddable":true,"href":"https:\/\/adflow.agency\/de\/wp-json\/wp\/v2\/product_tag?post=13650"}],"curies":[{"name":"wp","href":"https:\/\/api.w.org\/{rel}","templated":true}]}}