{"id":13651,"date":"2016-11-28T13:02:24","date_gmt":"2016-11-28T12:02:24","guid":{"rendered":"https:\/\/adflow.agency\/product\/rotor-turbine-fuer-midwest-tradition-hebel\/"},"modified":"2026-02-24T11:32:00","modified_gmt":"2026-02-24T10:32:00","slug":"rotor-turbine-fuer-midwest-tradition-hebel","status":"publish","type":"product","link":"https:\/\/adflow.agency\/de\/product\/rotor-turbine-fuer-midwest-tradition-hebel\/","title":{"rendered":"Rotor\/Turbine f\u00fcr Midwest Tradition Hebel"},"content":{"rendered":"","protected":false},"excerpt":{"rendered":"<ul>\n<li>Kompletter Rotor\/Turbine f\u00fcr Midwest Tradition Hebel Handst\u00fcck<\/li>\n<li>Hergestellt mit japanischen Hochpr\u00e4zisions-Keramik-Radiallager<\/li>\n<li>Alternative f\u00fcr Midwest REF. 780118<\/li>\n<li>Produkt wird mit 3x O-Ringen geliefert<\/li>\n<li>12 Monate Garantie<\/li>\n<li>Hergestellt in Deutschland<\/li>\n<\/ul>\n","protected":false},"featured_media":2388,"comment_status":"closed","ping_status":"closed","template":"","meta":{"inline_featured_image":false,"_uag_custom_page_level_css":""},"product_brand":[],"product_cat":[1138,1278],"product_tag":[1196],"class_list":{"0":"post-13651","1":"product","2":"type-product","3":"status-publish","4":"has-post-thumbnail","6":"product_cat-angebot","7":"product_cat-midwest-turbinen","8":"product_tag-midwest-tradition-lever","10":"first","11":"instock","12":"taxable","13":"shipping-taxable","14":"product-type-simple"},"acf":[],"uagb_featured_image_src":{"full":["https:\/\/adflow.agency\/wp-content\/uploads\/2016\/12\/Ca-MWTL.jpg",2292,1968,false],"thumbnail":["https:\/\/adflow.agency\/wp-content\/uploads\/2016\/12\/Ca-MWTL.jpg",233,200,false],"medium":["https:\/\/adflow.agency\/wp-content\/uploads\/2016\/12\/Ca-MWTL.jpg",349,300,false],"medium_large":["https:\/\/adflow.agency\/wp-content\/uploads\/2016\/12\/Ca-MWTL.jpg",768,659,false],"large":["https:\/\/adflow.agency\/wp-content\/uploads\/2016\/12\/Ca-MWTL.jpg",1398,1200,false],"1536x1536":["https:\/\/adflow.agency\/wp-content\/uploads\/2016\/12\/Ca-MWTL.jpg",1536,1319,false],"2048x2048":["https:\/\/adflow.agency\/wp-content\/uploads\/2016\/12\/Ca-MWTL.jpg",2048,1758,false],"woocommerce_thumbnail":["https:\/\/adflow.agency\/wp-content\/uploads\/2016\/12\/Ca-MWTL-247x247.jpg",247,247,true],"woocommerce_single":["https:\/\/adflow.agency\/wp-content\/uploads\/2016\/12\/Ca-MWTL.jpg",510,438,false],"woocommerce_gallery_thumbnail":["https:\/\/adflow.agency\/wp-content\/uploads\/2016\/12\/Ca-MWTL-100x100.jpg",100,100,true]},"uagb_author_info":{"display_name":"aden_admin","author_link":"https:\/\/adflow.agency\/de\/author\/"},"uagb_comment_info":0,"uagb_excerpt":"Kompletter Rotor\/Turbine f\u00fcr Midwest Tradition Hebel Handst\u00fcck Hergestellt mit japanischen Hochpr\u00e4zisions-Keramik-Radiallager Alternative f\u00fcr Midwest REF. 780118 Produkt wird mit 3x O-Ringen geliefert 12 Monate Garantie Hergestellt in Deutschland","_links":{"self":[{"href":"https:\/\/adflow.agency\/de\/wp-json\/wp\/v2\/product\/13651","targetHints":{"allow":["GET"]}}],"collection":[{"href":"https:\/\/adflow.agency\/de\/wp-json\/wp\/v2\/product"}],"about":[{"href":"https:\/\/adflow.agency\/de\/wp-json\/wp\/v2\/types\/product"}],"replies":[{"embeddable":true,"href":"https:\/\/adflow.agency\/de\/wp-json\/wp\/v2\/comments?post=13651"}],"wp:featuredmedia":[{"embeddable":true,"href":"https:\/\/adflow.agency\/de\/wp-json\/wp\/v2\/media\/2388"}],"wp:attachment":[{"href":"https:\/\/adflow.agency\/de\/wp-json\/wp\/v2\/media?parent=13651"}],"wp:term":[{"taxonomy":"product_brand","embeddable":true,"href":"https:\/\/adflow.agency\/de\/wp-json\/wp\/v2\/product_brand?post=13651"},{"taxonomy":"product_cat","embeddable":true,"href":"https:\/\/adflow.agency\/de\/wp-json\/wp\/v2\/product_cat?post=13651"},{"taxonomy":"product_tag","embeddable":true,"href":"https:\/\/adflow.agency\/de\/wp-json\/wp\/v2\/product_tag?post=13651"}],"curies":[{"name":"wp","href":"https:\/\/api.w.org\/{rel}","templated":true}]}}